{"id":913,"date":"2021-05-29T14:43:10","date_gmt":"2021-05-29T14:43:10","guid":{"rendered":"https:\/\/dermozcosmetic.com\/?page_id=913"},"modified":"2024-08-09T02:28:23","modified_gmt":"2024-08-09T02:28:23","slug":"spf50tres-haute-protection","status":"publish","type":"page","link":"https:\/\/dermozcosmetic.com\/ar\/spf50tres-haute-protection\/","title":{"rendered":"SPF50+Tr\u00e8s haute protection"},"content":{"rendered":"<div data-elementor-type=\"wp-page\" data-elementor-id=\"913\" class=\"elementor elementor-913\" data-elementor-post-type=\"page\">\n\t\t\t\t\t\t<section class=\"elementor-section elementor-top-section elementor-element elementor-element-67e1d4f elementor-section-height-min-height elementor-section-boxed elementor-section-height-default elementor-section-items-middle\" data-id=\"67e1d4f\" data-element_type=\"section\" data-settings=\"{&quot;background_background&quot;:&quot;classic&quot;}\">\n\t\t\t\t\t\t\t<div class=\"elementor-background-overlay\"><\/div>\n\t\t\t\t\t\t\t<div class=\"elementor-container elementor-column-gap-no\">\n\t\t\t\t\t<div class=\"elementor-column elementor-col-100 elementor-top-column elementor-element elementor-element-e92fc1d\" data-id=\"e92fc1d\" data-element_type=\"column\">\n\t\t\t<div class=\"elementor-widget-wrap elementor-element-populated\">\n\t\t\t\t\t\t<div class=\"elementor-element elementor-element-09e30e6 elementor-widget elementor-widget-heading\" data-id=\"09e30e6\" data-element_type=\"widget\" data-widget_type=\"heading.default\">\n\t\t\t\t<div class=\"elementor-widget-container\">\n\t\t\t<h2 class=\"elementor-heading-title elementor-size-default\">SPF50+ TR\u00c9S HAUTE<br> PROTECTION<\/h2>\t\t<\/div>\n\t\t\t\t<\/div>\n\t\t\t\t<div class=\"elementor-element elementor-element-4ee9bd5 elementor-widget elementor-widget-text-editor\" data-id=\"4ee9bd5\" data-element_type=\"widget\" data-widget_type=\"text-editor.default\">\n\t\t\t\t<div class=\"elementor-widget-container\">\n\t\t\t\t\t\t\t<p>\u0627\u062d\u0645\u064a \u0628\u0634\u0631\u062a\u0643 \u0645\u0646 \u0627\u0634\u0639\u0629 \u0627\u0644\u0634\u0645\u0633<\/p>\t\t\t\t\t\t<\/div>\n\t\t\t\t<\/div>\n\t\t\t\t\t<\/div>\n\t\t<\/div>\n\t\t\t\t\t<\/div>\n\t\t<\/section>\n\t\t\t\t<section class=\"elementor-section elementor-top-section elementor-element elementor-element-9887b81 elementor-section-boxed elementor-section-height-default elementor-section-height-default\" data-id=\"9887b81\" data-element_type=\"section\" data-settings=\"{&quot;background_background&quot;:&quot;classic&quot;}\">\n\t\t\t\t\t\t<div class=\"elementor-container elementor-column-gap-no\">\n\t\t\t\t\t<div class=\"elementor-column elementor-col-100 elementor-top-column elementor-element elementor-element-c9180b8\" data-id=\"c9180b8\" data-element_type=\"column\">\n\t\t\t<div class=\"elementor-widget-wrap elementor-element-populated\">\n\t\t\t\t\t\t<div class=\"elementor-element elementor-element-cb6ccd7 elementor-widget elementor-widget-heading\" data-id=\"cb6ccd7\" data-element_type=\"widget\" data-widget_type=\"heading.default\">\n\t\t\t\t<div class=\"elementor-widget-container\">\n\t\t\t<h3 class=\"elementor-heading-title elementor-size-default\">\u0623\u0641\u0636\u0644 \u0635\u064a\u063a\u0629 \u062d\u0645\u0627\u064a\u0629!<\/h3>\t\t<\/div>\n\t\t\t\t<\/div>\n\t\t\t\t<div class=\"elementor-element elementor-element-1e2ed5b elementor-widget elementor-widget-heading\" data-id=\"1e2ed5b\" data-element_type=\"widget\" data-widget_type=\"heading.default\">\n\t\t\t\t<div class=\"elementor-widget-container\">\n\t\t\t<h2 class=\"elementor-heading-title elementor-size-default\">SPF50+ TR\u00c9S HAUTE PROTECTION<\/h2>\t\t<\/div>\n\t\t\t\t<\/div>\n\t\t\t\t\t<\/div>\n\t\t<\/div>\n\t\t\t\t\t<\/div>\n\t\t<\/section>\n\t\t\t\t<section class=\"elementor-section elementor-top-section elementor-element elementor-element-691e96b elementor-section-boxed elementor-section-height-default elementor-section-height-default\" data-id=\"691e96b\" data-element_type=\"section\">\n\t\t\t\t\t\t<div class=\"elementor-container elementor-column-gap-default\">\n\t\t\t\t\t<div class=\"elementor-column elementor-col-50 elementor-top-column elementor-element elementor-element-28a7bd4\" data-id=\"28a7bd4\" data-element_type=\"column\">\n\t\t\t<div class=\"elementor-widget-wrap elementor-element-populated\">\n\t\t\t\t\t\t<div class=\"elementor-element elementor-element-a0b72b8 elementor-widget elementor-widget-image\" data-id=\"a0b72b8\" data-element_type=\"widget\" data-widget_type=\"image.default\">\n\t\t\t\t<div class=\"elementor-widget-container\">\n\t\t\t\t\t\t\t\t\t\t\t\t\t<img fetchpriority=\"high\" decoding=\"async\" width=\"1024\" height=\"1024\" src=\"https:\/\/dermozcosmetic.com\/wp-content\/uploads\/2024\/08\/8U0A1265-Enhanced-NR-1024x1024.jpg\" class=\"attachment-large size-large wp-image-2202\" alt=\"\" srcset=\"https:\/\/dermozcosmetic.com\/wp-content\/uploads\/2024\/08\/8U0A1265-Enhanced-NR-1024x1024.jpg 1024w, https:\/\/dermozcosmetic.com\/wp-content\/uploads\/2024\/08\/8U0A1265-Enhanced-NR-300x300.jpg 300w, https:\/\/dermozcosmetic.com\/wp-content\/uploads\/2024\/08\/8U0A1265-Enhanced-NR-150x150.jpg 150w, https:\/\/dermozcosmetic.com\/wp-content\/uploads\/2024\/08\/8U0A1265-Enhanced-NR-768x768.jpg 768w, https:\/\/dermozcosmetic.com\/wp-content\/uploads\/2024\/08\/8U0A1265-Enhanced-NR-12x12.jpg 12w, https:\/\/dermozcosmetic.com\/wp-content\/uploads\/2024\/08\/elementor\/thumbs\/8U0A1265-Enhanced-NR-qs63hnrkwyyn3udmvowsgfb094exrj2sgvx3gj5j8g.jpg 400w, https:\/\/dermozcosmetic.com\/wp-content\/uploads\/2024\/08\/8U0A1265-Enhanced-NR.jpg 1500w\" sizes=\"(max-width: 1024px) 100vw, 1024px\" \/>\t\t\t\t\t\t\t\t\t\t\t\t\t<\/div>\n\t\t\t\t<\/div>\n\t\t\t\t\t<\/div>\n\t\t<\/div>\n\t\t\t\t<div class=\"elementor-column elementor-col-50 elementor-top-column elementor-element elementor-element-38b2098\" data-id=\"38b2098\" data-element_type=\"column\">\n\t\t\t<div class=\"elementor-widget-wrap elementor-element-populated\">\n\t\t\t\t\t\t<div class=\"elementor-element elementor-element-0819816 elementor-widget elementor-widget-text-editor\" data-id=\"0819816\" data-element_type=\"widget\" data-widget_type=\"text-editor.default\">\n\t\t\t\t<div class=\"elementor-widget-container\">\n\t\t\t\t\t\t\t<p>DERMOZ \u00e9cran solaire SPF 50+ \u0647\u0648 \u062f\u0631\u0639 \u0648\u0627\u0642 \u0645\u0646 \u0627\u0644\u0634\u0645\u0633 \u064a\u062d\u0645\u064a \u0628\u0634\u0643\u0644 \u0641\u0639\u0627\u0644 \u0645\u0646 \u062a\u0644\u0641 \u0627\u0644\u062c\u0644\u062f \u0627\u0644\u0646\u0627\u062c\u0645 \u0639\u0646 \u0627\u0644\u062a\u0639\u0631\u0636 \u0627\u0644\u0637\u0648\u064a\u0644 \u0644\u0644\u0634\u0645\u0633. \u0647\u0630\u0647 \u0627\u0644\u062d\u0645\u0627\u064a\u0629 \u0645\u0646 \u0627\u0644\u0637\u064a\u0641 \u0627\u0644\u0648\u0627\u0633\u0639 \u062c\u062f\u064b\u0627 \u0636\u062f UVA l \u0648 UVA II \u0648 UVB \u0648 VISIBLE LIGHT \u0648 INFRA-RED rays \u0645\u0636\u0645\u0648\u0646\u0629 \u0645\u0646 \u062e\u0644\u0627\u0644 \u0623\u0635\u0648\u0644 \u0635\u0648\u0631 \u062b\u0627\u0628\u062a\u0629 \u0641\u064a \u0637\u0644\u064a\u0639\u0629 \u0627\u0644\u062a\u0643\u0646\u0648\u0644\u0648\u062c\u064a\u0627. \u062a\u0631\u0643\u064a\u0628\u0629 \u0645\u0635\u0645\u0645\u0629 \u062e\u0635\u064a\u0635\u064b\u0627 \u0644\u062c\u0645\u064a\u0639 \u0623\u0646\u0648\u0627\u0639 \u0627\u0644\u0628\u0634\u0631\u0629. \u062e\u0627\u0644\u064a \u0645\u0646 \u0627\u0644\u0628\u0627\u0631\u0627\u0628\u064a\u0646 \u0648\u0627\u0644\u0641\u064a\u0646\u0648\u0643\u0633\u064a \u0625\u064a\u062b\u0627\u0646\u0648\u0644 \u0648\u0627\u0644\u0639\u0637\u0648\u0631<\/p><p>\u0647\u0630\u0627 \u0627\u0644\u0648\u0627\u0642\u064a \u0645\u0646 \u0627\u0644\u0634\u0645\u0633 \u063a\u064a\u0631 \u0627\u0644\u0645\u0631\u0626\u064a \u0648\u0645\u0642\u0627\u0648\u0645 \u0644\u0644\u0645\u0627\u0621 \u0648\u064a\u0648\u0641\u0631 \u062a\u0631\u0637\u064a\u0628\u064b\u0627 \u0645\u0643\u062b\u0641\u064b\u0627. \u0646\u0646\u0635\u062d\u0643 \u062f\u0627\u0626\u0645\u064b\u0627 \u0628\u0627\u0644\u0627\u0646\u062a\u0638\u0627\u0631 \u062d\u0648\u0627\u0644\u064a 20 \u062f\u0642\u064a\u0642\u0629 \u0642\u0628\u0644 \u0627\u0644\u062e\u0631\u0648\u062c. \u0647\u0630\u0627 \u064a\u0633\u0645\u062d \u0644\u0644\u0641\u0644\u0627\u062a\u0631 \u0627\u0644\u0627\u0635\u0637\u0646\u0627\u0639\u064a\u0629 \u0627\u0644\u0646\u0634\u0637\u0629 \u0628\u0627\u0644\u0627\u062e\u062a\u0631\u0627\u0642 \u0648\u0627\u0644\u062d\u0645\u0627\u064a\u0629 \u0639\u0644\u0649 \u0627\u0644\u0646\u062d\u0648 \u0627\u0644\u0623\u0645\u062b\u0644<\/p>\t\t\t\t\t\t<\/div>\n\t\t\t\t<\/div>\n\t\t\t\t\t<\/div>\n\t\t<\/div>\n\t\t\t\t\t<\/div>\n\t\t<\/section>\n\t\t\t\t<section class=\"elementor-section elementor-top-section elementor-element elementor-element-10297f3 elementor-section-boxed elementor-section-height-default elementor-section-height-default\" data-id=\"10297f3\" data-element_type=\"section\">\n\t\t\t\t\t\t<div class=\"elementor-container elementor-column-gap-default\">\n\t\t\t\t\t<div class=\"elementor-column elementor-col-100 elementor-top-column elementor-element elementor-element-42ec63e\" data-id=\"42ec63e\" data-element_type=\"column\">\n\t\t\t<div class=\"elementor-widget-wrap elementor-element-populated\">\n\t\t\t\t\t\t<div class=\"elementor-element elementor-element-0c9e52b elementor-widget elementor-widget-spacer\" data-id=\"0c9e52b\" data-element_type=\"widget\" data-widget_type=\"spacer.default\">\n\t\t\t\t<div class=\"elementor-widget-container\">\n\t\t\t\t\t<div class=\"elementor-spacer\">\n\t\t\t<div class=\"elementor-spacer-inner\"><\/div>\n\t\t<\/div>\n\t\t\t\t<\/div>\n\t\t\t\t<\/div>\n\t\t\t\t\t<\/div>\n\t\t<\/div>\n\t\t\t\t\t<\/div>\n\t\t<\/section>\n\t\t\t\t<section class=\"elementor-section elementor-top-section elementor-element elementor-element-7738939 elementor-section-boxed elementor-section-height-default elementor-section-height-default\" data-id=\"7738939\" data-element_type=\"section\" data-settings=\"{&quot;background_background&quot;:&quot;classic&quot;}\">\n\t\t\t\t\t\t<div class=\"elementor-container elementor-column-gap-no\">\n\t\t\t\t\t<div class=\"elementor-column elementor-col-100 elementor-top-column elementor-element elementor-element-7319f8f\" data-id=\"7319f8f\" data-element_type=\"column\">\n\t\t\t<div class=\"elementor-widget-wrap elementor-element-populated\">\n\t\t\t\t\t\t<div class=\"elementor-element elementor-element-65a7dbb elementor-widget elementor-widget-image-carousel\" data-id=\"65a7dbb\" data-element_type=\"widget\" data-settings=\"{&quot;slides_to_show&quot;:&quot;5&quot;,&quot;navigation&quot;:&quot;none&quot;,&quot;slides_to_show_tablet&quot;:&quot;3&quot;,&quot;slides_to_scroll_tablet&quot;:&quot;1&quot;,&quot;slides_to_show_mobile&quot;:&quot;1&quot;,&quot;autoplay&quot;:&quot;yes&quot;,&quot;pause_on_hover&quot;:&quot;yes&quot;,&quot;pause_on_interaction&quot;:&quot;yes&quot;,&quot;autoplay_speed&quot;:5000,&quot;infinite&quot;:&quot;yes&quot;,&quot;speed&quot;:500}\" data-widget_type=\"image-carousel.default\">\n\t\t\t\t<div class=\"elementor-widget-container\">\n\t\t\t\t\t<div class=\"elementor-image-carousel-wrapper swiper\" dir=\"ltr\">\n\t\t\t<div class=\"elementor-image-carousel swiper-wrapper\" aria-live=\"off\">\n\t\t\t\t\t\t\t\t<div class=\"swiper-slide\" role=\"group\" aria-roledescription=\"slide\" aria-label=\"1 of 1\"><figure class=\"swiper-slide-inner\"><img decoding=\"async\" class=\"swiper-slide-image\" src=\"https:\/\/dermozcosmetic.com\/wp-content\/uploads\/elementor\/thumbs\/Asset-210-p7vriu1ytgxpb7siyuthunsajvpzqpq7c1hvohzwzg.png\" alt=\"Asset 210\" \/><\/figure><\/div>\t\t\t<\/div>\n\t\t\t\t\t<\/div>\n\t\t\t\t<\/div>\n\t\t\t\t<\/div>\n\t\t\t\t\t<\/div>\n\t\t<\/div>\n\t\t\t\t\t<\/div>\n\t\t<\/section>\n\t\t\t\t<\/div>","protected":false},"excerpt":{"rendered":"<p>SPF50+ TR\u00c9S HAUTE PROTECTION Prot\u00e9gez votre peau contre les rayons solaires ! La meilleure formule de protection! SPF50+ TR\u00c9S HAUTE PROTECTION DERMOZ \u00e9cran solaire SPF 50+ est un vrai bouclier solaire qui prot\u00e8ge efficacement contre les dommages cutan\u00e9s caus\u00e9s par l&rsquo;exposition prolong\u00e9e au soleil. Cette protection a tr\u00e8s large spectre contre les rayons UVA l, &hellip;<\/p>\n<p class=\"read-more\"> <a class=\"\" href=\"https:\/\/dermozcosmetic.com\/ar\/spf50tres-haute-protection\/\"> <span class=\"screen-reader-text\">SPF50+Tr\u00e8s haute protection<\/span> Read More &raquo;<\/a><\/p>","protected":false},"author":3,"featured_media":0,"parent":0,"menu_order":0,"comment_status":"closed","ping_status":"closed","template":"","meta":{"site-sidebar-layout":"no-sidebar","site-content-layout":"page-builder","ast-site-content-layout":"","site-content-style":"default","site-sidebar-style":"default","ast-global-header-display":"","ast-banner-title-visibility":"","ast-main-header-display":"","ast-hfb-above-header-display":"","ast-hfb-below-header-display":"","ast-hfb-mobile-header-display":"","site-post-title":"disabled","ast-breadcrumbs-content":"disabled","ast-featured-img":"disabled","footer-sml-layout":"","theme-transparent-header-meta":"enabled","adv-header-id-meta":"","stick-header-meta":"","header-above-stick-meta":"","header-main-stick-meta":"","header-below-stick-meta":"","astra-migrate-meta-layouts":"","_joinchat":[],"footnotes":""},"class_list":["post-913","page","type-page","status-publish","hentry"],"yoast_head":"<!-- This site is optimized with the Yoast SEO plugin v21.1 - https:\/\/yoast.com\/wordpress\/plugins\/seo\/ -->\n<title>SPF50+Tr\u00e8s haute protection - Dermozcosmetic<\/title>\n<meta name=\"robots\" content=\"index, follow, max-snippet:-1, max-image-preview:large, max-video-preview:-1\" \/>\n<link rel=\"canonical\" href=\"https:\/\/dermozcosmetic.com\/ar\/spf50tres-haute-protection\/\" \/>\n<meta property=\"og:locale\" content=\"ar_AR\" \/>\n<meta property=\"og:type\" content=\"article\" \/>\n<meta property=\"og:title\" content=\"SPF50+Tr\u00e8s haute protection - Dermozcosmetic\" \/>\n<meta property=\"og:description\" content=\"SPF50+ TR\u00c9S HAUTE PROTECTION Prot\u00e9gez votre peau contre les rayons solaires ! La meilleure formule de protection! SPF50+ TR\u00c9S HAUTE PROTECTION DERMOZ \u00e9cran solaire SPF 50+ est un vrai bouclier solaire qui prot\u00e8ge efficacement contre les dommages cutan\u00e9s caus\u00e9s par l&rsquo;exposition prolong\u00e9e au soleil. Cette protection a tr\u00e8s large spectre contre les rayons UVA l, &hellip; SPF50+Tr\u00e8s haute protection Read More &raquo;\" \/>\n<meta property=\"og:url\" content=\"https:\/\/dermozcosmetic.com\/ar\/spf50tres-haute-protection\/\" \/>\n<meta property=\"og:site_name\" content=\"Dermozcosmetic\" \/>\n<meta property=\"article:modified_time\" content=\"2024-08-09T02:28:23+00:00\" \/>\n<meta property=\"og:image\" content=\"https:\/\/dermozcosmetic.com\/wp-content\/uploads\/2024\/08\/8U0A1265-Enhanced-NR-1024x1024.jpg\" \/>\n<meta name=\"twitter:card\" content=\"summary_large_image\" \/>\n<meta name=\"twitter:label1\" content=\"Est. reading time\" \/>\n\t<meta name=\"twitter:data1\" content=\"1 minute\" \/>\n<script type=\"application\/ld+json\" class=\"yoast-schema-graph\">{\"@context\":\"https:\/\/schema.org\",\"@graph\":[{\"@type\":\"WebPage\",\"@id\":\"https:\/\/dermozcosmetic.com\/spf50tres-haute-protection\/\",\"url\":\"https:\/\/dermozcosmetic.com\/spf50tres-haute-protection\/\",\"name\":\"SPF50+Tr\u00e8s haute protection - Dermozcosmetic\",\"isPartOf\":{\"@id\":\"https:\/\/dermozcosmetic.com\/#website\"},\"datePublished\":\"2021-05-29T14:43:10+00:00\",\"dateModified\":\"2024-08-09T02:28:23+00:00\",\"breadcrumb\":{\"@id\":\"https:\/\/dermozcosmetic.com\/spf50tres-haute-protection\/#breadcrumb\"},\"inLanguage\":\"ary\",\"potentialAction\":[{\"@type\":\"ReadAction\",\"target\":[\"https:\/\/dermozcosmetic.com\/spf50tres-haute-protection\/\"]}]},{\"@type\":\"BreadcrumbList\",\"@id\":\"https:\/\/dermozcosmetic.com\/spf50tres-haute-protection\/#breadcrumb\",\"itemListElement\":[{\"@type\":\"ListItem\",\"position\":1,\"name\":\"Home\",\"item\":\"https:\/\/dermozcosmetic.com\/\"},{\"@type\":\"ListItem\",\"position\":2,\"name\":\"SPF50+Tr\u00e8s haute protection\"}]},{\"@type\":\"WebSite\",\"@id\":\"https:\/\/dermozcosmetic.com\/#website\",\"url\":\"https:\/\/dermozcosmetic.com\/\",\"name\":\"Dermozcosmetic\",\"description\":\"Une cosm\u00e9tique authentique qui inspire la confiance.\",\"publisher\":{\"@id\":\"https:\/\/dermozcosmetic.com\/#organization\"},\"potentialAction\":[{\"@type\":\"SearchAction\",\"target\":{\"@type\":\"EntryPoint\",\"urlTemplate\":\"https:\/\/dermozcosmetic.com\/?s={search_term_string}\"},\"query-input\":\"required name=search_term_string\"}],\"inLanguage\":\"ary\"},{\"@type\":\"Organization\",\"@id\":\"https:\/\/dermozcosmetic.com\/#organization\",\"name\":\"Dermozcosmetic\",\"url\":\"https:\/\/dermozcosmetic.com\/\",\"logo\":{\"@type\":\"ImageObject\",\"inLanguage\":\"ary\",\"@id\":\"https:\/\/dermozcosmetic.com\/#\/schema\/logo\/image\/\",\"url\":\"https:\/\/dermozcosmetic.com\/wp-content\/uploads\/2021\/05\/cropped-Asset-100-1.png\",\"contentUrl\":\"https:\/\/dermozcosmetic.com\/wp-content\/uploads\/2021\/05\/cropped-Asset-100-1.png\",\"width\":398,\"height\":100,\"caption\":\"Dermozcosmetic\"},\"image\":{\"@id\":\"https:\/\/dermozcosmetic.com\/#\/schema\/logo\/image\/\"}}]}<\/script>\n<!-- \/ Yoast SEO plugin. -->","yoast_head_json":{"title":"SPF50+Tr\u00e8s haute protection - Dermozcosmetic","robots":{"index":"index","follow":"follow","max-snippet":"max-snippet:-1","max-image-preview":"max-image-preview:large","max-video-preview":"max-video-preview:-1"},"canonical":"https:\/\/dermozcosmetic.com\/ar\/spf50tres-haute-protection\/","og_locale":"ar_AR","og_type":"article","og_title":"SPF50+Tr\u00e8s haute protection - Dermozcosmetic","og_description":"SPF50+ TR\u00c9S HAUTE PROTECTION Prot\u00e9gez votre peau contre les rayons solaires ! La meilleure formule de protection! SPF50+ TR\u00c9S HAUTE PROTECTION DERMOZ \u00e9cran solaire SPF 50+ est un vrai bouclier solaire qui prot\u00e8ge efficacement contre les dommages cutan\u00e9s caus\u00e9s par l&rsquo;exposition prolong\u00e9e au soleil. Cette protection a tr\u00e8s large spectre contre les rayons UVA l, &hellip; SPF50+Tr\u00e8s haute protection Read More &raquo;","og_url":"https:\/\/dermozcosmetic.com\/ar\/spf50tres-haute-protection\/","og_site_name":"Dermozcosmetic","article_modified_time":"2024-08-09T02:28:23+00:00","og_image":[{"url":"https:\/\/dermozcosmetic.com\/wp-content\/uploads\/2024\/08\/8U0A1265-Enhanced-NR-1024x1024.jpg"}],"twitter_card":"summary_large_image","twitter_misc":{"Est. reading time":"1 minute"},"schema":{"@context":"https:\/\/schema.org","@graph":[{"@type":"WebPage","@id":"https:\/\/dermozcosmetic.com\/spf50tres-haute-protection\/","url":"https:\/\/dermozcosmetic.com\/spf50tres-haute-protection\/","name":"SPF50+Tr\u00e8s haute protection - Dermozcosmetic","isPartOf":{"@id":"https:\/\/dermozcosmetic.com\/#website"},"datePublished":"2021-05-29T14:43:10+00:00","dateModified":"2024-08-09T02:28:23+00:00","breadcrumb":{"@id":"https:\/\/dermozcosmetic.com\/spf50tres-haute-protection\/#breadcrumb"},"inLanguage":"ary","potentialAction":[{"@type":"ReadAction","target":["https:\/\/dermozcosmetic.com\/spf50tres-haute-protection\/"]}]},{"@type":"BreadcrumbList","@id":"https:\/\/dermozcosmetic.com\/spf50tres-haute-protection\/#breadcrumb","itemListElement":[{"@type":"ListItem","position":1,"name":"Home","item":"https:\/\/dermozcosmetic.com\/"},{"@type":"ListItem","position":2,"name":"SPF50+Tr\u00e8s haute protection"}]},{"@type":"WebSite","@id":"https:\/\/dermozcosmetic.com\/#website","url":"https:\/\/dermozcosmetic.com\/","name":"Dermozcosmetic","description":"Une cosm\u00e9tique authentique qui inspire la confiance.","publisher":{"@id":"https:\/\/dermozcosmetic.com\/#organization"},"potentialAction":[{"@type":"SearchAction","target":{"@type":"EntryPoint","urlTemplate":"https:\/\/dermozcosmetic.com\/?s={search_term_string}"},"query-input":"required name=search_term_string"}],"inLanguage":"ary"},{"@type":"Organization","@id":"https:\/\/dermozcosmetic.com\/#organization","name":"Dermozcosmetic","url":"https:\/\/dermozcosmetic.com\/","logo":{"@type":"ImageObject","inLanguage":"ary","@id":"https:\/\/dermozcosmetic.com\/#\/schema\/logo\/image\/","url":"https:\/\/dermozcosmetic.com\/wp-content\/uploads\/2021\/05\/cropped-Asset-100-1.png","contentUrl":"https:\/\/dermozcosmetic.com\/wp-content\/uploads\/2021\/05\/cropped-Asset-100-1.png","width":398,"height":100,"caption":"Dermozcosmetic"},"image":{"@id":"https:\/\/dermozcosmetic.com\/#\/schema\/logo\/image\/"}}]}},"_links":{"self":[{"href":"https:\/\/dermozcosmetic.com\/ar\/wp-json\/wp\/v2\/pages\/913"}],"collection":[{"href":"https:\/\/dermozcosmetic.com\/ar\/wp-json\/wp\/v2\/pages"}],"about":[{"href":"https:\/\/dermozcosmetic.com\/ar\/wp-json\/wp\/v2\/types\/page"}],"author":[{"embeddable":true,"href":"https:\/\/dermozcosmetic.com\/ar\/wp-json\/wp\/v2\/users\/3"}],"replies":[{"embeddable":true,"href":"https:\/\/dermozcosmetic.com\/ar\/wp-json\/wp\/v2\/comments?post=913"}],"version-history":[{"count":59,"href":"https:\/\/dermozcosmetic.com\/ar\/wp-json\/wp\/v2\/pages\/913\/revisions"}],"predecessor-version":[{"id":2435,"href":"https:\/\/dermozcosmetic.com\/ar\/wp-json\/wp\/v2\/pages\/913\/revisions\/2435"}],"wp:attachment":[{"href":"https:\/\/dermozcosmetic.com\/ar\/wp-json\/wp\/v2\/media?parent=913"}],"curies":[{"name":"wp","href":"https:\/\/api.w.org\/{rel}","templated":true}]}}