{"id":2280,"date":"2024-08-06T04:38:55","date_gmt":"2024-08-06T04:38:55","guid":{"rendered":"https:\/\/dermozcosmetic.com\/?page_id=2280"},"modified":"2024-08-09T03:04:04","modified_gmt":"2024-08-09T03:04:04","slug":"gel-antiseptique-ph8","status":"publish","type":"page","link":"https:\/\/dermozcosmetic.com\/ar\/gel-antiseptique-ph8\/","title":{"rendered":"Gel Antiseptique ph8"},"content":{"rendered":"<div data-elementor-type=\"wp-page\" data-elementor-id=\"2280\" class=\"elementor elementor-2280\" data-elementor-post-type=\"page\">\n\t\t\t\t\t\t<section class=\"elementor-section elementor-top-section elementor-element elementor-element-67e1d4f elementor-section-height-min-height elementor-section-boxed elementor-section-height-default elementor-section-items-middle\" data-id=\"67e1d4f\" data-element_type=\"section\" data-settings=\"{&quot;background_background&quot;:&quot;classic&quot;}\">\n\t\t\t\t\t\t\t<div class=\"elementor-background-overlay\"><\/div>\n\t\t\t\t\t\t\t<div class=\"elementor-container elementor-column-gap-no\">\n\t\t\t\t\t<div class=\"elementor-column elementor-col-100 elementor-top-column elementor-element elementor-element-e92fc1d\" data-id=\"e92fc1d\" data-element_type=\"column\">\n\t\t\t<div class=\"elementor-widget-wrap elementor-element-populated\">\n\t\t\t\t\t\t<div class=\"elementor-element elementor-element-09e30e6 elementor-widget elementor-widget-heading\" data-id=\"09e30e6\" data-element_type=\"widget\" data-widget_type=\"heading.default\">\n\t\t\t\t<div class=\"elementor-widget-container\">\n\t\t\t<h2 class=\"elementor-heading-title elementor-size-default\">Gel Antiseptique ph8<\/h2>\t\t<\/div>\n\t\t\t\t<\/div>\n\t\t\t\t<div class=\"elementor-element elementor-element-4ee9bd5 elementor-widget elementor-widget-text-editor\" data-id=\"4ee9bd5\" data-element_type=\"widget\" data-widget_type=\"text-editor.default\">\n\t\t\t\t<div class=\"elementor-widget-container\">\n\t\t\t\t\t\t\t<p>Ces d\u00e9sagr\u00e9ments intimes perturbent votre vie et vous he savez pas comment y rem\u00e9dier.<\/p>\t\t\t\t\t\t<\/div>\n\t\t\t\t<\/div>\n\t\t\t\t\t<\/div>\n\t\t<\/div>\n\t\t\t\t\t<\/div>\n\t\t<\/section>\n\t\t\t\t<section class=\"elementor-section elementor-top-section elementor-element elementor-element-9887b81 elementor-section-boxed elementor-section-height-default elementor-section-height-default\" data-id=\"9887b81\" data-element_type=\"section\" data-settings=\"{&quot;background_background&quot;:&quot;classic&quot;}\">\n\t\t\t\t\t\t<div class=\"elementor-container elementor-column-gap-no\">\n\t\t\t\t\t<div class=\"elementor-column elementor-col-100 elementor-top-column elementor-element elementor-element-c9180b8\" data-id=\"c9180b8\" data-element_type=\"column\">\n\t\t\t<div class=\"elementor-widget-wrap elementor-element-populated\">\n\t\t\t\t\t\t<div class=\"elementor-element elementor-element-cb6ccd7 elementor-widget elementor-widget-heading\" data-id=\"cb6ccd7\" data-element_type=\"widget\" data-widget_type=\"heading.default\">\n\t\t\t\t<div class=\"elementor-widget-container\">\n\t\t\t<h3 class=\"elementor-heading-title elementor-size-default\">Ces d\u00e9sagr\u00e9ments intimes perturbent votre vie et vous he savez pas comment y rem\u00e9dier.<\/h3>\t\t<\/div>\n\t\t\t\t<\/div>\n\t\t\t\t<div class=\"elementor-element elementor-element-1e2ed5b elementor-widget elementor-widget-heading\" data-id=\"1e2ed5b\" data-element_type=\"widget\" data-widget_type=\"heading.default\">\n\t\t\t\t<div class=\"elementor-widget-container\">\n\t\t\t<h2 class=\"elementor-heading-title elementor-size-default\">Gel Antiseptique ph8<\/h2>\t\t<\/div>\n\t\t\t\t<\/div>\n\t\t\t\t\t<\/div>\n\t\t<\/div>\n\t\t\t\t\t<\/div>\n\t\t<\/section>\n\t\t\t\t<section class=\"elementor-section elementor-top-section elementor-element elementor-element-59cf8b5 elementor-section-boxed elementor-section-height-default elementor-section-height-default\" data-id=\"59cf8b5\" data-element_type=\"section\">\n\t\t\t\t\t\t<div class=\"elementor-container elementor-column-gap-default\">\n\t\t\t\t\t<div class=\"elementor-column elementor-col-50 elementor-top-column elementor-element elementor-element-57ced18\" data-id=\"57ced18\" data-element_type=\"column\">\n\t\t\t<div class=\"elementor-widget-wrap elementor-element-populated\">\n\t\t\t\t\t\t<div class=\"elementor-element elementor-element-d67fa9b elementor-widget elementor-widget-image\" data-id=\"d67fa9b\" data-element_type=\"widget\" data-widget_type=\"image.default\">\n\t\t\t\t<div class=\"elementor-widget-container\">\n\t\t\t\t\t\t\t\t\t\t\t\t\t<img fetchpriority=\"high\" decoding=\"async\" width=\"1024\" height=\"1024\" src=\"https:\/\/dermozcosmetic.com\/wp-content\/uploads\/2024\/08\/8U0A1303-Enhanced-NR-1024x1024.jpg\" class=\"attachment-large size-large wp-image-2196\" alt=\"\" srcset=\"https:\/\/dermozcosmetic.com\/wp-content\/uploads\/2024\/08\/8U0A1303-Enhanced-NR-1024x1024.jpg 1024w, https:\/\/dermozcosmetic.com\/wp-content\/uploads\/2024\/08\/8U0A1303-Enhanced-NR-300x300.jpg 300w, https:\/\/dermozcosmetic.com\/wp-content\/uploads\/2024\/08\/8U0A1303-Enhanced-NR-150x150.jpg 150w, https:\/\/dermozcosmetic.com\/wp-content\/uploads\/2024\/08\/8U0A1303-Enhanced-NR-768x768.jpg 768w, https:\/\/dermozcosmetic.com\/wp-content\/uploads\/2024\/08\/8U0A1303-Enhanced-NR-12x12.jpg 12w, https:\/\/dermozcosmetic.com\/wp-content\/uploads\/2024\/08\/8U0A1303-Enhanced-NR.jpg 1500w\" sizes=\"(max-width: 1024px) 100vw, 1024px\" \/>\t\t\t\t\t\t\t\t\t\t\t\t\t<\/div>\n\t\t\t\t<\/div>\n\t\t\t\t\t<\/div>\n\t\t<\/div>\n\t\t\t\t<div class=\"elementor-column elementor-col-50 elementor-top-column elementor-element elementor-element-ffac6ef\" data-id=\"ffac6ef\" data-element_type=\"column\">\n\t\t\t<div class=\"elementor-widget-wrap elementor-element-populated\">\n\t\t\t\t\t\t<div class=\"elementor-element elementor-element-852b936 elementor-widget elementor-widget-text-editor\" data-id=\"852b936\" data-element_type=\"widget\" data-widget_type=\"text-editor.default\">\n\t\t\t\t<div class=\"elementor-widget-container\">\n\t\t\t\t\t\t\t<div class=\"elementor-element elementor-element-ca38219 elementor-widget elementor-widget-text-editor\" data-id=\"ca38219\" data-element_type=\"widget\" data-widget_type=\"text-editor.default\"><div class=\"elementor-widget-container\"><p class=\"p1\" style=\"text-align: center;\">Sensations de br\u00fblures ? Irritations mal plac\u00e9es ? Ces d\u00e9sagr\u00e9ments intimes perturbent votre vie et vous he savez pas comment y rem\u00e9dier.<\/p><p class=\"p1\" style=\"text-align: center;\">Id\u00e9al pour aider \u00e0 calmer les irritations de la zone intime et calmer les sensations d\u2019inconfort, le gel lavant DERMOZ\u00ae est un soin d\u2019hygi\u00e8ne intime qui respecte votre \u00e9quilibre intime et vous assure un confort pendant 12 heures. Son pH adapt\u00e9, permet de lutter contre le d\u00e9veloppement de certains champignons microscopiques.<\/p><\/div><\/div><div class=\"elementor-element elementor-element-4f2bbcc elementor-align-center elementor-widget elementor-widget-button\" data-id=\"4f2bbcc\" data-element_type=\"widget\" data-widget_type=\"button.default\"><div class=\"elementor-widget-container\"><div class=\"elementor-button-wrapper\" style=\"text-align: center;\">\u00a0<\/div><\/div><\/div>\t\t\t\t\t\t<\/div>\n\t\t\t\t<\/div>\n\t\t\t\t\t<\/div>\n\t\t<\/div>\n\t\t\t\t\t<\/div>\n\t\t<\/section>\n\t\t\t\t<section class=\"elementor-section elementor-top-section elementor-element elementor-element-3568741 elementor-section-boxed elementor-section-height-default elementor-section-height-default\" data-id=\"3568741\" data-element_type=\"section\">\n\t\t\t\t\t\t<div class=\"elementor-container elementor-column-gap-default\">\n\t\t\t\t\t<div class=\"elementor-column elementor-col-100 elementor-top-column elementor-element elementor-element-575521c\" data-id=\"575521c\" data-element_type=\"column\">\n\t\t\t<div class=\"elementor-widget-wrap elementor-element-populated\">\n\t\t\t\t\t\t<div class=\"elementor-element elementor-element-4ca3705 elementor-widget elementor-widget-spacer\" data-id=\"4ca3705\" data-element_type=\"widget\" data-widget_type=\"spacer.default\">\n\t\t\t\t<div class=\"elementor-widget-container\">\n\t\t\t\t\t<div class=\"elementor-spacer\">\n\t\t\t<div class=\"elementor-spacer-inner\"><\/div>\n\t\t<\/div>\n\t\t\t\t<\/div>\n\t\t\t\t<\/div>\n\t\t\t\t\t<\/div>\n\t\t<\/div>\n\t\t\t\t\t<\/div>\n\t\t<\/section>\n\t\t\t\t<section class=\"elementor-section elementor-top-section elementor-element elementor-element-7738939 elementor-section-boxed elementor-section-height-default elementor-section-height-default\" data-id=\"7738939\" data-element_type=\"section\" data-settings=\"{&quot;background_background&quot;:&quot;classic&quot;}\">\n\t\t\t\t\t\t<div class=\"elementor-container elementor-column-gap-no\">\n\t\t\t\t\t<div class=\"elementor-column elementor-col-100 elementor-top-column elementor-element elementor-element-7319f8f\" data-id=\"7319f8f\" data-element_type=\"column\">\n\t\t\t<div class=\"elementor-widget-wrap elementor-element-populated\">\n\t\t\t\t\t\t<div class=\"elementor-element elementor-element-65a7dbb elementor-widget elementor-widget-image-carousel\" data-id=\"65a7dbb\" data-element_type=\"widget\" data-settings=\"{&quot;slides_to_show&quot;:&quot;5&quot;,&quot;navigation&quot;:&quot;none&quot;,&quot;slides_to_show_tablet&quot;:&quot;3&quot;,&quot;slides_to_scroll_tablet&quot;:&quot;1&quot;,&quot;slides_to_show_mobile&quot;:&quot;1&quot;,&quot;autoplay&quot;:&quot;yes&quot;,&quot;pause_on_hover&quot;:&quot;yes&quot;,&quot;pause_on_interaction&quot;:&quot;yes&quot;,&quot;autoplay_speed&quot;:5000,&quot;infinite&quot;:&quot;yes&quot;,&quot;speed&quot;:500}\" data-widget_type=\"image-carousel.default\">\n\t\t\t\t<div class=\"elementor-widget-container\">\n\t\t\t\t\t<div class=\"elementor-image-carousel-wrapper swiper\" dir=\"ltr\">\n\t\t\t<div class=\"elementor-image-carousel swiper-wrapper\" aria-live=\"off\">\n\t\t\t\t\t\t\t\t<div class=\"swiper-slide\" role=\"group\" aria-roledescription=\"slide\" aria-label=\"1 of 1\"><figure class=\"swiper-slide-inner\"><img decoding=\"async\" class=\"swiper-slide-image\" src=\"https:\/\/dermozcosmetic.com\/wp-content\/uploads\/elementor\/thumbs\/Asset-210-p7vriu1ytgxpb7siyuthunsajvpzqpq7c1hvohzwzg.png\" alt=\"Asset 210\" \/><\/figure><\/div>\t\t\t<\/div>\n\t\t\t\t\t<\/div>\n\t\t\t\t<\/div>\n\t\t\t\t<\/div>\n\t\t\t\t\t<\/div>\n\t\t<\/div>\n\t\t\t\t\t<\/div>\n\t\t<\/section>\n\t\t\t\t<\/div>","protected":false},"excerpt":{"rendered":"<p>Gel Antiseptique ph8 Ces d\u00e9sagr\u00e9ments intimes perturbent votre vie et vous he savez pas comment y rem\u00e9dier. Ces d\u00e9sagr\u00e9ments intimes perturbent votre vie et vous he savez pas comment y rem\u00e9dier. Gel Antiseptique ph8 Sensations de br\u00fblures ? Irritations mal plac\u00e9es ? Ces d\u00e9sagr\u00e9ments intimes perturbent votre vie et vous he savez pas comment y &hellip;<\/p>\n<p class=\"read-more\"> <a class=\"\" href=\"https:\/\/dermozcosmetic.com\/ar\/gel-antiseptique-ph8\/\"> <span class=\"screen-reader-text\">Gel Antiseptique ph8<\/span> Read More &raquo;<\/a><\/p>","protected":false},"author":3,"featured_media":0,"parent":0,"menu_order":0,"comment_status":"closed","ping_status":"closed","template":"","meta":{"site-sidebar-layout":"no-sidebar","site-content-layout":"page-builder","ast-site-content-layout":"","site-content-style":"default","site-sidebar-style":"default","ast-global-header-display":"","ast-banner-title-visibility":"","ast-main-header-display":"","ast-hfb-above-header-display":"","ast-hfb-below-header-display":"","ast-hfb-mobile-header-display":"","site-post-title":"disabled","ast-breadcrumbs-content":"disabled","ast-featured-img":"disabled","footer-sml-layout":"","theme-transparent-header-meta":"enabled","adv-header-id-meta":"","stick-header-meta":"","header-above-stick-meta":"","header-main-stick-meta":"","header-below-stick-meta":"","astra-migrate-meta-layouts":"","_joinchat":[],"footnotes":""},"class_list":["post-2280","page","type-page","status-publish","hentry"],"yoast_head":"<!-- This site is optimized with the Yoast SEO plugin v21.1 - https:\/\/yoast.com\/wordpress\/plugins\/seo\/ -->\n<title>Gel Antiseptique ph8 - Dermozcosmetic<\/title>\n<meta name=\"robots\" content=\"index, follow, max-snippet:-1, max-image-preview:large, max-video-preview:-1\" \/>\n<link rel=\"canonical\" href=\"https:\/\/dermozcosmetic.com\/ar\/gel-antiseptique-ph8\/\" \/>\n<meta property=\"og:locale\" content=\"ar_AR\" \/>\n<meta property=\"og:type\" content=\"article\" \/>\n<meta property=\"og:title\" content=\"Gel Antiseptique ph8 - Dermozcosmetic\" \/>\n<meta property=\"og:description\" content=\"Gel Antiseptique ph8 Ces d\u00e9sagr\u00e9ments intimes perturbent votre vie et vous he savez pas comment y rem\u00e9dier. Ces d\u00e9sagr\u00e9ments intimes perturbent votre vie et vous he savez pas comment y rem\u00e9dier. Gel Antiseptique ph8 Sensations de br\u00fblures ? Irritations mal plac\u00e9es ? Ces d\u00e9sagr\u00e9ments intimes perturbent votre vie et vous he savez pas comment y &hellip; Gel Antiseptique ph8 Read More &raquo;\" \/>\n<meta property=\"og:url\" content=\"https:\/\/dermozcosmetic.com\/ar\/gel-antiseptique-ph8\/\" \/>\n<meta property=\"og:site_name\" content=\"Dermozcosmetic\" \/>\n<meta property=\"article:modified_time\" content=\"2024-08-09T03:04:04+00:00\" \/>\n<meta property=\"og:image\" content=\"https:\/\/dermozcosmetic.com\/wp-content\/uploads\/2024\/08\/8U0A1303-Enhanced-NR-1024x1024.jpg\" \/>\n<meta name=\"twitter:card\" content=\"summary_large_image\" \/>\n<meta name=\"twitter:label1\" content=\"Est. reading time\" \/>\n\t<meta name=\"twitter:data1\" content=\"1 minute\" \/>\n<script type=\"application\/ld+json\" class=\"yoast-schema-graph\">{\"@context\":\"https:\/\/schema.org\",\"@graph\":[{\"@type\":\"WebPage\",\"@id\":\"https:\/\/dermozcosmetic.com\/gel-antiseptique-ph8\/\",\"url\":\"https:\/\/dermozcosmetic.com\/gel-antiseptique-ph8\/\",\"name\":\"Gel Antiseptique ph8 - Dermozcosmetic\",\"isPartOf\":{\"@id\":\"https:\/\/dermozcosmetic.com\/#website\"},\"datePublished\":\"2024-08-06T04:38:55+00:00\",\"dateModified\":\"2024-08-09T03:04:04+00:00\",\"breadcrumb\":{\"@id\":\"https:\/\/dermozcosmetic.com\/gel-antiseptique-ph8\/#breadcrumb\"},\"inLanguage\":\"ary\",\"potentialAction\":[{\"@type\":\"ReadAction\",\"target\":[\"https:\/\/dermozcosmetic.com\/gel-antiseptique-ph8\/\"]}]},{\"@type\":\"BreadcrumbList\",\"@id\":\"https:\/\/dermozcosmetic.com\/gel-antiseptique-ph8\/#breadcrumb\",\"itemListElement\":[{\"@type\":\"ListItem\",\"position\":1,\"name\":\"Home\",\"item\":\"https:\/\/dermozcosmetic.com\/\"},{\"@type\":\"ListItem\",\"position\":2,\"name\":\"Gel Antiseptique ph8\"}]},{\"@type\":\"WebSite\",\"@id\":\"https:\/\/dermozcosmetic.com\/#website\",\"url\":\"https:\/\/dermozcosmetic.com\/\",\"name\":\"Dermozcosmetic\",\"description\":\"Une cosm\u00e9tique authentique qui inspire la confiance.\",\"publisher\":{\"@id\":\"https:\/\/dermozcosmetic.com\/#organization\"},\"potentialAction\":[{\"@type\":\"SearchAction\",\"target\":{\"@type\":\"EntryPoint\",\"urlTemplate\":\"https:\/\/dermozcosmetic.com\/?s={search_term_string}\"},\"query-input\":\"required name=search_term_string\"}],\"inLanguage\":\"ary\"},{\"@type\":\"Organization\",\"@id\":\"https:\/\/dermozcosmetic.com\/#organization\",\"name\":\"Dermozcosmetic\",\"url\":\"https:\/\/dermozcosmetic.com\/\",\"logo\":{\"@type\":\"ImageObject\",\"inLanguage\":\"ary\",\"@id\":\"https:\/\/dermozcosmetic.com\/#\/schema\/logo\/image\/\",\"url\":\"https:\/\/dermozcosmetic.com\/wp-content\/uploads\/2021\/05\/cropped-Asset-100-1.png\",\"contentUrl\":\"https:\/\/dermozcosmetic.com\/wp-content\/uploads\/2021\/05\/cropped-Asset-100-1.png\",\"width\":398,\"height\":100,\"caption\":\"Dermozcosmetic\"},\"image\":{\"@id\":\"https:\/\/dermozcosmetic.com\/#\/schema\/logo\/image\/\"}}]}<\/script>\n<!-- \/ Yoast SEO plugin. -->","yoast_head_json":{"title":"Gel Antiseptique ph8 - Dermozcosmetic","robots":{"index":"index","follow":"follow","max-snippet":"max-snippet:-1","max-image-preview":"max-image-preview:large","max-video-preview":"max-video-preview:-1"},"canonical":"https:\/\/dermozcosmetic.com\/ar\/gel-antiseptique-ph8\/","og_locale":"ar_AR","og_type":"article","og_title":"Gel Antiseptique ph8 - Dermozcosmetic","og_description":"Gel Antiseptique ph8 Ces d\u00e9sagr\u00e9ments intimes perturbent votre vie et vous he savez pas comment y rem\u00e9dier. Ces d\u00e9sagr\u00e9ments intimes perturbent votre vie et vous he savez pas comment y rem\u00e9dier. Gel Antiseptique ph8 Sensations de br\u00fblures ? Irritations mal plac\u00e9es ? Ces d\u00e9sagr\u00e9ments intimes perturbent votre vie et vous he savez pas comment y &hellip; Gel Antiseptique ph8 Read More &raquo;","og_url":"https:\/\/dermozcosmetic.com\/ar\/gel-antiseptique-ph8\/","og_site_name":"Dermozcosmetic","article_modified_time":"2024-08-09T03:04:04+00:00","og_image":[{"url":"https:\/\/dermozcosmetic.com\/wp-content\/uploads\/2024\/08\/8U0A1303-Enhanced-NR-1024x1024.jpg"}],"twitter_card":"summary_large_image","twitter_misc":{"Est. reading time":"1 minute"},"schema":{"@context":"https:\/\/schema.org","@graph":[{"@type":"WebPage","@id":"https:\/\/dermozcosmetic.com\/gel-antiseptique-ph8\/","url":"https:\/\/dermozcosmetic.com\/gel-antiseptique-ph8\/","name":"Gel Antiseptique ph8 - Dermozcosmetic","isPartOf":{"@id":"https:\/\/dermozcosmetic.com\/#website"},"datePublished":"2024-08-06T04:38:55+00:00","dateModified":"2024-08-09T03:04:04+00:00","breadcrumb":{"@id":"https:\/\/dermozcosmetic.com\/gel-antiseptique-ph8\/#breadcrumb"},"inLanguage":"ary","potentialAction":[{"@type":"ReadAction","target":["https:\/\/dermozcosmetic.com\/gel-antiseptique-ph8\/"]}]},{"@type":"BreadcrumbList","@id":"https:\/\/dermozcosmetic.com\/gel-antiseptique-ph8\/#breadcrumb","itemListElement":[{"@type":"ListItem","position":1,"name":"Home","item":"https:\/\/dermozcosmetic.com\/"},{"@type":"ListItem","position":2,"name":"Gel Antiseptique ph8"}]},{"@type":"WebSite","@id":"https:\/\/dermozcosmetic.com\/#website","url":"https:\/\/dermozcosmetic.com\/","name":"Dermozcosmetic","description":"Une cosm\u00e9tique authentique qui inspire la confiance.","publisher":{"@id":"https:\/\/dermozcosmetic.com\/#organization"},"potentialAction":[{"@type":"SearchAction","target":{"@type":"EntryPoint","urlTemplate":"https:\/\/dermozcosmetic.com\/?s={search_term_string}"},"query-input":"required name=search_term_string"}],"inLanguage":"ary"},{"@type":"Organization","@id":"https:\/\/dermozcosmetic.com\/#organization","name":"Dermozcosmetic","url":"https:\/\/dermozcosmetic.com\/","logo":{"@type":"ImageObject","inLanguage":"ary","@id":"https:\/\/dermozcosmetic.com\/#\/schema\/logo\/image\/","url":"https:\/\/dermozcosmetic.com\/wp-content\/uploads\/2021\/05\/cropped-Asset-100-1.png","contentUrl":"https:\/\/dermozcosmetic.com\/wp-content\/uploads\/2021\/05\/cropped-Asset-100-1.png","width":398,"height":100,"caption":"Dermozcosmetic"},"image":{"@id":"https:\/\/dermozcosmetic.com\/#\/schema\/logo\/image\/"}}]}},"_links":{"self":[{"href":"https:\/\/dermozcosmetic.com\/ar\/wp-json\/wp\/v2\/pages\/2280"}],"collection":[{"href":"https:\/\/dermozcosmetic.com\/ar\/wp-json\/wp\/v2\/pages"}],"about":[{"href":"https:\/\/dermozcosmetic.com\/ar\/wp-json\/wp\/v2\/types\/page"}],"author":[{"embeddable":true,"href":"https:\/\/dermozcosmetic.com\/ar\/wp-json\/wp\/v2\/users\/3"}],"replies":[{"embeddable":true,"href":"https:\/\/dermozcosmetic.com\/ar\/wp-json\/wp\/v2\/comments?post=2280"}],"version-history":[{"count":13,"href":"https:\/\/dermozcosmetic.com\/ar\/wp-json\/wp\/v2\/pages\/2280\/revisions"}],"predecessor-version":[{"id":2492,"href":"https:\/\/dermozcosmetic.com\/ar\/wp-json\/wp\/v2\/pages\/2280\/revisions\/2492"}],"wp:attachment":[{"href":"https:\/\/dermozcosmetic.com\/ar\/wp-json\/wp\/v2\/media?parent=2280"}],"curies":[{"name":"wp","href":"https:\/\/api.w.org\/{rel}","templated":true}]}}