{"id":1927,"date":"2023-03-17T14:44:37","date_gmt":"2023-03-17T14:44:37","guid":{"rendered":"https:\/\/dermozcosmetic.com\/?page_id=1927"},"modified":"2024-08-09T02:46:58","modified_gmt":"2024-08-09T02:46:58","slug":"creme-hydratante-compensatrice","status":"publish","type":"page","link":"https:\/\/dermozcosmetic.com\/ar\/creme-hydratante-compensatrice\/","title":{"rendered":"Cr\u00e8me hydratante Compensatrice"},"content":{"rendered":"<div data-elementor-type=\"wp-page\" data-elementor-id=\"1927\" class=\"elementor elementor-1927\" data-elementor-post-type=\"page\">\n\t\t\t\t\t\t<section class=\"elementor-section elementor-top-section elementor-element elementor-element-67e1d4f elementor-section-height-min-height elementor-section-boxed elementor-section-height-default elementor-section-items-middle\" data-id=\"67e1d4f\" data-element_type=\"section\" data-settings=\"{&quot;background_background&quot;:&quot;classic&quot;}\">\n\t\t\t\t\t\t\t<div class=\"elementor-background-overlay\"><\/div>\n\t\t\t\t\t\t\t<div class=\"elementor-container elementor-column-gap-no\">\n\t\t\t\t\t<div class=\"elementor-column elementor-col-100 elementor-top-column elementor-element elementor-element-e92fc1d\" data-id=\"e92fc1d\" data-element_type=\"column\">\n\t\t\t<div class=\"elementor-widget-wrap elementor-element-populated\">\n\t\t\t\t\t\t<div class=\"elementor-element elementor-element-09e30e6 elementor-widget elementor-widget-heading\" data-id=\"09e30e6\" data-element_type=\"widget\" data-widget_type=\"heading.default\">\n\t\t\t\t<div class=\"elementor-widget-container\">\n\t\t\t<h2 class=\"elementor-heading-title elementor-size-default\">Cr\u00e8me hydratante Compensatrice<\/h2>\t\t<\/div>\n\t\t\t\t<\/div>\n\t\t\t\t<div class=\"elementor-element elementor-element-4ee9bd5 elementor-widget elementor-widget-text-editor\" data-id=\"4ee9bd5\" data-element_type=\"widget\" data-widget_type=\"text-editor.default\">\n\t\t\t\t<div class=\"elementor-widget-container\">\n\t\t\t\t\t\t\t<p>Peaux \u00e0 tendance acn\u00e9ique<\/p>\t\t\t\t\t\t<\/div>\n\t\t\t\t<\/div>\n\t\t\t\t\t<\/div>\n\t\t<\/div>\n\t\t\t\t\t<\/div>\n\t\t<\/section>\n\t\t\t\t<section class=\"elementor-section elementor-top-section elementor-element elementor-element-9887b81 elementor-section-boxed elementor-section-height-default elementor-section-height-default\" data-id=\"9887b81\" data-element_type=\"section\" data-settings=\"{&quot;background_background&quot;:&quot;classic&quot;}\">\n\t\t\t\t\t\t<div class=\"elementor-container elementor-column-gap-no\">\n\t\t\t\t\t<div class=\"elementor-column elementor-col-100 elementor-top-column elementor-element elementor-element-c9180b8\" data-id=\"c9180b8\" data-element_type=\"column\">\n\t\t\t<div class=\"elementor-widget-wrap elementor-element-populated\">\n\t\t\t\t\t\t<div class=\"elementor-element elementor-element-cb6ccd7 elementor-widget elementor-widget-heading\" data-id=\"cb6ccd7\" data-element_type=\"widget\" data-widget_type=\"heading.default\">\n\t\t\t\t<div class=\"elementor-widget-container\">\n\t\t\t<h3 class=\"elementor-heading-title elementor-size-default\">Peaux \u00e0 tendance acn\u00e9ique !<\/h3>\t\t<\/div>\n\t\t\t\t<\/div>\n\t\t\t\t<div class=\"elementor-element elementor-element-1e2ed5b elementor-widget elementor-widget-heading\" data-id=\"1e2ed5b\" data-element_type=\"widget\" data-widget_type=\"heading.default\">\n\t\t\t\t<div class=\"elementor-widget-container\">\n\t\t\t<h2 class=\"elementor-heading-title elementor-size-default\">Cr\u00e8me hydratante Compensatrice<\/h2>\t\t<\/div>\n\t\t\t\t<\/div>\n\t\t\t\t\t<\/div>\n\t\t<\/div>\n\t\t\t\t\t<\/div>\n\t\t<\/section>\n\t\t\t\t<section class=\"elementor-section elementor-top-section elementor-element elementor-element-59cf8b5 elementor-section-boxed elementor-section-height-default elementor-section-height-default\" data-id=\"59cf8b5\" data-element_type=\"section\">\n\t\t\t\t\t\t<div class=\"elementor-container elementor-column-gap-default\">\n\t\t\t\t\t<div class=\"elementor-column elementor-col-50 elementor-top-column elementor-element elementor-element-57ced18\" data-id=\"57ced18\" data-element_type=\"column\">\n\t\t\t<div class=\"elementor-widget-wrap elementor-element-populated\">\n\t\t\t\t\t\t<div class=\"elementor-element elementor-element-d67fa9b elementor-widget elementor-widget-image\" data-id=\"d67fa9b\" data-element_type=\"widget\" data-widget_type=\"image.default\">\n\t\t\t\t<div class=\"elementor-widget-container\">\n\t\t\t\t\t\t\t\t\t\t\t\t\t<img fetchpriority=\"high\" decoding=\"async\" width=\"1024\" height=\"1024\" src=\"https:\/\/dermozcosmetic.com\/wp-content\/uploads\/2023\/03\/Creme-hydratante-Compensatrice-1024x1024.jpg\" class=\"attachment-large size-large wp-image-1970\" alt=\"\" srcset=\"https:\/\/dermozcosmetic.com\/wp-content\/uploads\/2023\/03\/Creme-hydratante-Compensatrice-1024x1024.jpg 1024w, https:\/\/dermozcosmetic.com\/wp-content\/uploads\/2023\/03\/Creme-hydratante-Compensatrice-300x300.jpg 300w, https:\/\/dermozcosmetic.com\/wp-content\/uploads\/2023\/03\/Creme-hydratante-Compensatrice-150x150.jpg 150w, https:\/\/dermozcosmetic.com\/wp-content\/uploads\/2023\/03\/Creme-hydratante-Compensatrice-768x768.jpg 768w, https:\/\/dermozcosmetic.com\/wp-content\/uploads\/2023\/03\/Creme-hydratante-Compensatrice-1536x1536.jpg 1536w, https:\/\/dermozcosmetic.com\/wp-content\/uploads\/2023\/03\/Creme-hydratante-Compensatrice-2048x2048.jpg 2048w, https:\/\/dermozcosmetic.com\/wp-content\/uploads\/2023\/03\/Creme-hydratante-Compensatrice-12x12.jpg 12w, https:\/\/dermozcosmetic.com\/wp-content\/uploads\/2023\/03\/elementor\/thumbs\/Creme-hydratante-Compensatrice-q3k489x4t9hwebmh0q1fblzmiywdxn0gl3ed9sb2xs.jpg 400w\" sizes=\"(max-width: 1024px) 100vw, 1024px\" \/>\t\t\t\t\t\t\t\t\t\t\t\t\t<\/div>\n\t\t\t\t<\/div>\n\t\t\t\t\t<\/div>\n\t\t<\/div>\n\t\t\t\t<div class=\"elementor-column elementor-col-50 elementor-top-column elementor-element elementor-element-ffac6ef\" data-id=\"ffac6ef\" data-element_type=\"column\">\n\t\t\t<div class=\"elementor-widget-wrap elementor-element-populated\">\n\t\t\t\t\t\t<div class=\"elementor-element elementor-element-852b936 elementor-widget elementor-widget-text-editor\" data-id=\"852b936\" data-element_type=\"widget\" data-widget_type=\"text-editor.default\">\n\t\t\t\t<div class=\"elementor-widget-container\">\n\t\t\t\t\t\t\t<p>DERMOZ cr\u00e8me hydratante compensatrice nourrit et r\u00e9pare les peaux fragilis\u00e9es et d\u00e9ss\u00e9ch\u00e9es par les traitements d\u00e9ss\u00e8chants anti-acn\u00e9iques.<br \/>La cr\u00e8me hydratante compensatrice DERMOZ r\u00e9pare et prot\u00e8ge durablement la peau des agressions ext\u00e9rieures. <br \/>Les actifs hydratants et restructurants de cette cr\u00e8me combattent la desquamation et les sensations de tiraillement. Les actifs apaisants att\u00e9nuent les rougeurs et calment l&rsquo;\u00e9piderme.<\/p><p><strong>CONSEILS D\u2019UTILISATION:<\/strong><br \/>Appliquer matin et\/ou soir sur l\u2019ensemble du visage pr\u00e9alablement nettoy\u00e9 avec un gel nettoyant purifiant.<br \/>Eviter tout contact avec les yeux.<\/p>\t\t\t\t\t\t<\/div>\n\t\t\t\t<\/div>\n\t\t\t\t\t<\/div>\n\t\t<\/div>\n\t\t\t\t\t<\/div>\n\t\t<\/section>\n\t\t\t\t<section class=\"elementor-section elementor-top-section elementor-element elementor-element-3568741 elementor-section-boxed elementor-section-height-default elementor-section-height-default\" data-id=\"3568741\" data-element_type=\"section\">\n\t\t\t\t\t\t<div class=\"elementor-container elementor-column-gap-default\">\n\t\t\t\t\t<div class=\"elementor-column elementor-col-100 elementor-top-column elementor-element elementor-element-575521c\" data-id=\"575521c\" data-element_type=\"column\">\n\t\t\t<div class=\"elementor-widget-wrap elementor-element-populated\">\n\t\t\t\t\t\t<div class=\"elementor-element elementor-element-4ca3705 elementor-widget elementor-widget-spacer\" data-id=\"4ca3705\" data-element_type=\"widget\" data-widget_type=\"spacer.default\">\n\t\t\t\t<div class=\"elementor-widget-container\">\n\t\t\t\t\t<div class=\"elementor-spacer\">\n\t\t\t<div class=\"elementor-spacer-inner\"><\/div>\n\t\t<\/div>\n\t\t\t\t<\/div>\n\t\t\t\t<\/div>\n\t\t\t\t\t<\/div>\n\t\t<\/div>\n\t\t\t\t\t<\/div>\n\t\t<\/section>\n\t\t\t\t<section class=\"elementor-section elementor-top-section elementor-element elementor-element-7738939 elementor-section-boxed elementor-section-height-default elementor-section-height-default\" data-id=\"7738939\" data-element_type=\"section\" data-settings=\"{&quot;background_background&quot;:&quot;classic&quot;}\">\n\t\t\t\t\t\t<div class=\"elementor-container elementor-column-gap-no\">\n\t\t\t\t\t<div class=\"elementor-column elementor-col-100 elementor-top-column elementor-element elementor-element-7319f8f\" data-id=\"7319f8f\" data-element_type=\"column\">\n\t\t\t<div class=\"elementor-widget-wrap elementor-element-populated\">\n\t\t\t\t\t\t<div class=\"elementor-element elementor-element-65a7dbb elementor-widget elementor-widget-image-carousel\" data-id=\"65a7dbb\" data-element_type=\"widget\" data-settings=\"{&quot;slides_to_show&quot;:&quot;5&quot;,&quot;navigation&quot;:&quot;none&quot;,&quot;slides_to_show_tablet&quot;:&quot;3&quot;,&quot;slides_to_scroll_tablet&quot;:&quot;1&quot;,&quot;slides_to_show_mobile&quot;:&quot;1&quot;,&quot;autoplay&quot;:&quot;yes&quot;,&quot;pause_on_hover&quot;:&quot;yes&quot;,&quot;pause_on_interaction&quot;:&quot;yes&quot;,&quot;autoplay_speed&quot;:5000,&quot;infinite&quot;:&quot;yes&quot;,&quot;speed&quot;:500}\" data-widget_type=\"image-carousel.default\">\n\t\t\t\t<div class=\"elementor-widget-container\">\n\t\t\t\t\t<div class=\"elementor-image-carousel-wrapper swiper\" dir=\"ltr\">\n\t\t\t<div class=\"elementor-image-carousel swiper-wrapper\" aria-live=\"off\">\n\t\t\t\t\t\t\t\t<div class=\"swiper-slide\" role=\"group\" aria-roledescription=\"slide\" aria-label=\"1 of 1\"><figure class=\"swiper-slide-inner\"><img decoding=\"async\" class=\"swiper-slide-image\" src=\"https:\/\/dermozcosmetic.com\/wp-content\/uploads\/elementor\/thumbs\/Asset-210-p7vriu1ytgxpb7siyuthunsajvpzqpq7c1hvohzwzg.png\" alt=\"Asset 210\" \/><\/figure><\/div>\t\t\t<\/div>\n\t\t\t\t\t<\/div>\n\t\t\t\t<\/div>\n\t\t\t\t<\/div>\n\t\t\t\t\t<\/div>\n\t\t<\/div>\n\t\t\t\t\t<\/div>\n\t\t<\/section>\n\t\t\t\t<\/div>","protected":false},"excerpt":{"rendered":"<p>Cr\u00e8me hydratante Compensatrice Peaux \u00e0 tendance acn\u00e9ique Peaux \u00e0 tendance acn\u00e9ique ! Cr\u00e8me hydratante Compensatrice DERMOZ cr\u00e8me hydratante compensatrice nourrit et r\u00e9pare les peaux fragilis\u00e9es et d\u00e9ss\u00e9ch\u00e9es par les traitements d\u00e9ss\u00e8chants anti-acn\u00e9iques.La cr\u00e8me hydratante compensatrice DERMOZ r\u00e9pare et prot\u00e8ge durablement la peau des agressions ext\u00e9rieures. Les actifs hydratants et restructurants de cette cr\u00e8me combattent la &hellip;<\/p>\n<p class=\"read-more\"> <a class=\"\" href=\"https:\/\/dermozcosmetic.com\/ar\/creme-hydratante-compensatrice\/\"> <span class=\"screen-reader-text\">Cr\u00e8me hydratante Compensatrice<\/span> Read More &raquo;<\/a><\/p>","protected":false},"author":3,"featured_media":0,"parent":0,"menu_order":0,"comment_status":"closed","ping_status":"closed","template":"","meta":{"site-sidebar-layout":"no-sidebar","site-content-layout":"page-builder","ast-site-content-layout":"","site-content-style":"default","site-sidebar-style":"default","ast-global-header-display":"","ast-banner-title-visibility":"","ast-main-header-display":"","ast-hfb-above-header-display":"","ast-hfb-below-header-display":"","ast-hfb-mobile-header-display":"","site-post-title":"disabled","ast-breadcrumbs-content":"disabled","ast-featured-img":"disabled","footer-sml-layout":"","theme-transparent-header-meta":"enabled","adv-header-id-meta":"","stick-header-meta":"","header-above-stick-meta":"","header-main-stick-meta":"","header-below-stick-meta":"","astra-migrate-meta-layouts":"","_joinchat":[],"footnotes":""},"class_list":["post-1927","page","type-page","status-publish","hentry"],"yoast_head":"<!-- This site is optimized with the Yoast SEO plugin v21.1 - https:\/\/yoast.com\/wordpress\/plugins\/seo\/ -->\n<title>Cr\u00e8me hydratante Compensatrice - Dermozcosmetic<\/title>\n<meta name=\"robots\" content=\"index, follow, max-snippet:-1, max-image-preview:large, max-video-preview:-1\" \/>\n<link rel=\"canonical\" href=\"https:\/\/dermozcosmetic.com\/ar\/creme-hydratante-compensatrice\/\" \/>\n<meta property=\"og:locale\" content=\"ar_AR\" \/>\n<meta property=\"og:type\" content=\"article\" \/>\n<meta property=\"og:title\" content=\"Cr\u00e8me hydratante Compensatrice - Dermozcosmetic\" \/>\n<meta property=\"og:description\" content=\"Cr\u00e8me hydratante Compensatrice Peaux \u00e0 tendance acn\u00e9ique Peaux \u00e0 tendance acn\u00e9ique ! Cr\u00e8me hydratante Compensatrice DERMOZ cr\u00e8me hydratante compensatrice nourrit et r\u00e9pare les peaux fragilis\u00e9es et d\u00e9ss\u00e9ch\u00e9es par les traitements d\u00e9ss\u00e8chants anti-acn\u00e9iques.La cr\u00e8me hydratante compensatrice DERMOZ r\u00e9pare et prot\u00e8ge durablement la peau des agressions ext\u00e9rieures. Les actifs hydratants et restructurants de cette cr\u00e8me combattent la &hellip; Cr\u00e8me hydratante Compensatrice Read More &raquo;\" \/>\n<meta property=\"og:url\" content=\"https:\/\/dermozcosmetic.com\/ar\/creme-hydratante-compensatrice\/\" \/>\n<meta property=\"og:site_name\" content=\"Dermozcosmetic\" \/>\n<meta property=\"article:modified_time\" content=\"2024-08-09T02:46:58+00:00\" \/>\n<meta property=\"og:image\" content=\"https:\/\/dermozcosmetic.com\/wp-content\/uploads\/2023\/03\/Creme-hydratante-Compensatrice-1024x1024.jpg\" \/>\n<meta name=\"twitter:card\" content=\"summary_large_image\" \/>\n<meta name=\"twitter:label1\" content=\"Est. reading time\" \/>\n\t<meta name=\"twitter:data1\" content=\"1 minute\" \/>\n<script type=\"application\/ld+json\" class=\"yoast-schema-graph\">{\"@context\":\"https:\/\/schema.org\",\"@graph\":[{\"@type\":\"WebPage\",\"@id\":\"https:\/\/dermozcosmetic.com\/creme-hydratante-compensatrice\/\",\"url\":\"https:\/\/dermozcosmetic.com\/creme-hydratante-compensatrice\/\",\"name\":\"Cr\u00e8me hydratante Compensatrice - Dermozcosmetic\",\"isPartOf\":{\"@id\":\"https:\/\/dermozcosmetic.com\/#website\"},\"datePublished\":\"2023-03-17T14:44:37+00:00\",\"dateModified\":\"2024-08-09T02:46:58+00:00\",\"breadcrumb\":{\"@id\":\"https:\/\/dermozcosmetic.com\/creme-hydratante-compensatrice\/#breadcrumb\"},\"inLanguage\":\"ary\",\"potentialAction\":[{\"@type\":\"ReadAction\",\"target\":[\"https:\/\/dermozcosmetic.com\/creme-hydratante-compensatrice\/\"]}]},{\"@type\":\"BreadcrumbList\",\"@id\":\"https:\/\/dermozcosmetic.com\/creme-hydratante-compensatrice\/#breadcrumb\",\"itemListElement\":[{\"@type\":\"ListItem\",\"position\":1,\"name\":\"Home\",\"item\":\"https:\/\/dermozcosmetic.com\/\"},{\"@type\":\"ListItem\",\"position\":2,\"name\":\"Cr\u00e8me hydratante Compensatrice\"}]},{\"@type\":\"WebSite\",\"@id\":\"https:\/\/dermozcosmetic.com\/#website\",\"url\":\"https:\/\/dermozcosmetic.com\/\",\"name\":\"Dermozcosmetic\",\"description\":\"Une cosm\u00e9tique authentique qui inspire la confiance.\",\"publisher\":{\"@id\":\"https:\/\/dermozcosmetic.com\/#organization\"},\"potentialAction\":[{\"@type\":\"SearchAction\",\"target\":{\"@type\":\"EntryPoint\",\"urlTemplate\":\"https:\/\/dermozcosmetic.com\/?s={search_term_string}\"},\"query-input\":\"required name=search_term_string\"}],\"inLanguage\":\"ary\"},{\"@type\":\"Organization\",\"@id\":\"https:\/\/dermozcosmetic.com\/#organization\",\"name\":\"Dermozcosmetic\",\"url\":\"https:\/\/dermozcosmetic.com\/\",\"logo\":{\"@type\":\"ImageObject\",\"inLanguage\":\"ary\",\"@id\":\"https:\/\/dermozcosmetic.com\/#\/schema\/logo\/image\/\",\"url\":\"https:\/\/dermozcosmetic.com\/wp-content\/uploads\/2021\/05\/cropped-Asset-100-1.png\",\"contentUrl\":\"https:\/\/dermozcosmetic.com\/wp-content\/uploads\/2021\/05\/cropped-Asset-100-1.png\",\"width\":398,\"height\":100,\"caption\":\"Dermozcosmetic\"},\"image\":{\"@id\":\"https:\/\/dermozcosmetic.com\/#\/schema\/logo\/image\/\"}}]}<\/script>\n<!-- \/ Yoast SEO plugin. -->","yoast_head_json":{"title":"Cr\u00e8me hydratante Compensatrice - Dermozcosmetic","robots":{"index":"index","follow":"follow","max-snippet":"max-snippet:-1","max-image-preview":"max-image-preview:large","max-video-preview":"max-video-preview:-1"},"canonical":"https:\/\/dermozcosmetic.com\/ar\/creme-hydratante-compensatrice\/","og_locale":"ar_AR","og_type":"article","og_title":"Cr\u00e8me hydratante Compensatrice - Dermozcosmetic","og_description":"Cr\u00e8me hydratante Compensatrice Peaux \u00e0 tendance acn\u00e9ique Peaux \u00e0 tendance acn\u00e9ique ! Cr\u00e8me hydratante Compensatrice DERMOZ cr\u00e8me hydratante compensatrice nourrit et r\u00e9pare les peaux fragilis\u00e9es et d\u00e9ss\u00e9ch\u00e9es par les traitements d\u00e9ss\u00e8chants anti-acn\u00e9iques.La cr\u00e8me hydratante compensatrice DERMOZ r\u00e9pare et prot\u00e8ge durablement la peau des agressions ext\u00e9rieures. Les actifs hydratants et restructurants de cette cr\u00e8me combattent la &hellip; Cr\u00e8me hydratante Compensatrice Read More &raquo;","og_url":"https:\/\/dermozcosmetic.com\/ar\/creme-hydratante-compensatrice\/","og_site_name":"Dermozcosmetic","article_modified_time":"2024-08-09T02:46:58+00:00","og_image":[{"url":"https:\/\/dermozcosmetic.com\/wp-content\/uploads\/2023\/03\/Creme-hydratante-Compensatrice-1024x1024.jpg"}],"twitter_card":"summary_large_image","twitter_misc":{"Est. reading time":"1 minute"},"schema":{"@context":"https:\/\/schema.org","@graph":[{"@type":"WebPage","@id":"https:\/\/dermozcosmetic.com\/creme-hydratante-compensatrice\/","url":"https:\/\/dermozcosmetic.com\/creme-hydratante-compensatrice\/","name":"Cr\u00e8me hydratante Compensatrice - Dermozcosmetic","isPartOf":{"@id":"https:\/\/dermozcosmetic.com\/#website"},"datePublished":"2023-03-17T14:44:37+00:00","dateModified":"2024-08-09T02:46:58+00:00","breadcrumb":{"@id":"https:\/\/dermozcosmetic.com\/creme-hydratante-compensatrice\/#breadcrumb"},"inLanguage":"ary","potentialAction":[{"@type":"ReadAction","target":["https:\/\/dermozcosmetic.com\/creme-hydratante-compensatrice\/"]}]},{"@type":"BreadcrumbList","@id":"https:\/\/dermozcosmetic.com\/creme-hydratante-compensatrice\/#breadcrumb","itemListElement":[{"@type":"ListItem","position":1,"name":"Home","item":"https:\/\/dermozcosmetic.com\/"},{"@type":"ListItem","position":2,"name":"Cr\u00e8me hydratante Compensatrice"}]},{"@type":"WebSite","@id":"https:\/\/dermozcosmetic.com\/#website","url":"https:\/\/dermozcosmetic.com\/","name":"Dermozcosmetic","description":"Une cosm\u00e9tique authentique qui inspire la confiance.","publisher":{"@id":"https:\/\/dermozcosmetic.com\/#organization"},"potentialAction":[{"@type":"SearchAction","target":{"@type":"EntryPoint","urlTemplate":"https:\/\/dermozcosmetic.com\/?s={search_term_string}"},"query-input":"required name=search_term_string"}],"inLanguage":"ary"},{"@type":"Organization","@id":"https:\/\/dermozcosmetic.com\/#organization","name":"Dermozcosmetic","url":"https:\/\/dermozcosmetic.com\/","logo":{"@type":"ImageObject","inLanguage":"ary","@id":"https:\/\/dermozcosmetic.com\/#\/schema\/logo\/image\/","url":"https:\/\/dermozcosmetic.com\/wp-content\/uploads\/2021\/05\/cropped-Asset-100-1.png","contentUrl":"https:\/\/dermozcosmetic.com\/wp-content\/uploads\/2021\/05\/cropped-Asset-100-1.png","width":398,"height":100,"caption":"Dermozcosmetic"},"image":{"@id":"https:\/\/dermozcosmetic.com\/#\/schema\/logo\/image\/"}}]}},"_links":{"self":[{"href":"https:\/\/dermozcosmetic.com\/ar\/wp-json\/wp\/v2\/pages\/1927"}],"collection":[{"href":"https:\/\/dermozcosmetic.com\/ar\/wp-json\/wp\/v2\/pages"}],"about":[{"href":"https:\/\/dermozcosmetic.com\/ar\/wp-json\/wp\/v2\/types\/page"}],"author":[{"embeddable":true,"href":"https:\/\/dermozcosmetic.com\/ar\/wp-json\/wp\/v2\/users\/3"}],"replies":[{"embeddable":true,"href":"https:\/\/dermozcosmetic.com\/ar\/wp-json\/wp\/v2\/comments?post=1927"}],"version-history":[{"count":9,"href":"https:\/\/dermozcosmetic.com\/ar\/wp-json\/wp\/v2\/pages\/1927\/revisions"}],"predecessor-version":[{"id":2468,"href":"https:\/\/dermozcosmetic.com\/ar\/wp-json\/wp\/v2\/pages\/1927\/revisions\/2468"}],"wp:attachment":[{"href":"https:\/\/dermozcosmetic.com\/ar\/wp-json\/wp\/v2\/media?parent=1927"}],"curies":[{"name":"wp","href":"https:\/\/api.w.org\/{rel}","templated":true}]}}