{"id":1671,"date":"2021-06-23T12:59:40","date_gmt":"2021-06-23T12:59:40","guid":{"rendered":"https:\/\/dermozcosmetic.com\/?page_id=1671"},"modified":"2024-08-09T02:40:40","modified_gmt":"2024-08-09T02:40:40","slug":"dermoz-uree-50","status":"publish","type":"page","link":"https:\/\/dermozcosmetic.com\/ar\/dermoz-uree-50\/","title":{"rendered":"DERMOZ UR\u00c9E 50%"},"content":{"rendered":"<div data-elementor-type=\"wp-page\" data-elementor-id=\"1671\" class=\"elementor elementor-1671\" data-elementor-post-type=\"page\">\n\t\t\t\t\t\t<section class=\"elementor-section elementor-top-section elementor-element elementor-element-67e1d4f elementor-section-height-min-height elementor-section-boxed elementor-section-height-default elementor-section-items-middle\" data-id=\"67e1d4f\" data-element_type=\"section\" data-settings=\"{&quot;background_background&quot;:&quot;classic&quot;}\">\n\t\t\t\t\t\t\t<div class=\"elementor-background-overlay\"><\/div>\n\t\t\t\t\t\t\t<div class=\"elementor-container elementor-column-gap-no\">\n\t\t\t\t\t<div class=\"elementor-column elementor-col-100 elementor-top-column elementor-element elementor-element-e92fc1d\" data-id=\"e92fc1d\" data-element_type=\"column\">\n\t\t\t<div class=\"elementor-widget-wrap elementor-element-populated\">\n\t\t\t\t\t\t<div class=\"elementor-element elementor-element-09e30e6 elementor-widget elementor-widget-heading\" data-id=\"09e30e6\" data-element_type=\"widget\" data-widget_type=\"heading.default\">\n\t\t\t\t<div class=\"elementor-widget-container\">\n\t\t\t<h2 class=\"elementor-heading-title elementor-size-default\">DERMOZ ur\u00e9e 50%<\/h2>\t\t<\/div>\n\t\t\t\t<\/div>\n\t\t\t\t<div class=\"elementor-element elementor-element-f1189d7 elementor-widget elementor-widget-text-editor\" data-id=\"f1189d7\" data-element_type=\"widget\" data-widget_type=\"text-editor.default\">\n\t\t\t\t<div class=\"elementor-widget-container\">\n\t\t\t\t\t\t\t<p>\u0645\u0636\u0627\u062f \u0644\u0644\u062a\u0643\u0644\u0633 \u0648 \u0641\u0631\u0637 \u0627\u0644\u062a\u0642\u0631\u0646<\/p>\t\t\t\t\t\t<\/div>\n\t\t\t\t<\/div>\n\t\t\t\t\t<\/div>\n\t\t<\/div>\n\t\t\t\t\t<\/div>\n\t\t<\/section>\n\t\t\t\t<section class=\"elementor-section elementor-top-section elementor-element elementor-element-9887b81 elementor-section-boxed elementor-section-height-default elementor-section-height-default\" data-id=\"9887b81\" data-element_type=\"section\" data-settings=\"{&quot;background_background&quot;:&quot;classic&quot;}\">\n\t\t\t\t\t\t<div class=\"elementor-container elementor-column-gap-no\">\n\t\t\t\t\t<div class=\"elementor-column elementor-col-100 elementor-top-column elementor-element elementor-element-c9180b8\" data-id=\"c9180b8\" data-element_type=\"column\">\n\t\t\t<div class=\"elementor-widget-wrap elementor-element-populated\">\n\t\t\t\t\t\t<div class=\"elementor-element elementor-element-cb6ccd7 elementor-widget elementor-widget-heading\" data-id=\"cb6ccd7\" data-element_type=\"widget\" data-widget_type=\"heading.default\">\n\t\t\t\t<div class=\"elementor-widget-container\">\n\t\t\t<h3 class=\"elementor-heading-title elementor-size-default\">\u062a\u0631\u0637\u064a\u0628 \u062f\u0627\u0626\u0645<\/h3>\t\t<\/div>\n\t\t\t\t<\/div>\n\t\t\t\t<div class=\"elementor-element elementor-element-1e2ed5b elementor-widget elementor-widget-heading\" data-id=\"1e2ed5b\" data-element_type=\"widget\" data-widget_type=\"heading.default\">\n\t\t\t\t<div class=\"elementor-widget-container\">\n\t\t\t<h2 class=\"elementor-heading-title elementor-size-default\">DERMOZ ur\u00e9e 50%<\/h2>\t\t<\/div>\n\t\t\t\t<\/div>\n\t\t\t\t\t<\/div>\n\t\t<\/div>\n\t\t\t\t\t<\/div>\n\t\t<\/section>\n\t\t\t\t<section class=\"elementor-section elementor-top-section elementor-element elementor-element-029b83f elementor-section-boxed elementor-section-height-default elementor-section-height-default\" data-id=\"029b83f\" data-element_type=\"section\">\n\t\t\t\t\t\t<div class=\"elementor-container elementor-column-gap-default\">\n\t\t\t\t\t<div class=\"elementor-column elementor-col-50 elementor-top-column elementor-element elementor-element-7551a96\" data-id=\"7551a96\" data-element_type=\"column\">\n\t\t\t<div class=\"elementor-widget-wrap elementor-element-populated\">\n\t\t\t\t\t\t<div class=\"elementor-element elementor-element-a94a06f elementor-widget elementor-widget-image\" data-id=\"a94a06f\" data-element_type=\"widget\" data-widget_type=\"image.default\">\n\t\t\t\t<div class=\"elementor-widget-container\">\n\t\t\t\t\t\t\t\t\t\t\t\t\t<img fetchpriority=\"high\" decoding=\"async\" width=\"1024\" height=\"1024\" src=\"https:\/\/dermozcosmetic.com\/wp-content\/uploads\/2023\/03\/8U0A4601-1024x1024.jpg\" class=\"attachment-large size-large wp-image-2072\" alt=\"\" srcset=\"https:\/\/dermozcosmetic.com\/wp-content\/uploads\/2023\/03\/8U0A4601-1024x1024.jpg 1024w, https:\/\/dermozcosmetic.com\/wp-content\/uploads\/2023\/03\/8U0A4601-300x300.jpg 300w, https:\/\/dermozcosmetic.com\/wp-content\/uploads\/2023\/03\/8U0A4601-150x150.jpg 150w, https:\/\/dermozcosmetic.com\/wp-content\/uploads\/2023\/03\/8U0A4601-768x768.jpg 768w, https:\/\/dermozcosmetic.com\/wp-content\/uploads\/2023\/03\/8U0A4601-1536x1536.jpg 1536w, https:\/\/dermozcosmetic.com\/wp-content\/uploads\/2023\/03\/8U0A4601-2048x2048.jpg 2048w, https:\/\/dermozcosmetic.com\/wp-content\/uploads\/2023\/03\/8U0A4601-12x12.jpg 12w, https:\/\/dermozcosmetic.com\/wp-content\/uploads\/2023\/03\/elementor\/thumbs\/8U0A4601-q43ekel85fbbfncn6friwxa88s5oq5wxwg6ptiap40.jpg 400w\" sizes=\"(max-width: 1024px) 100vw, 1024px\" \/>\t\t\t\t\t\t\t\t\t\t\t\t\t<\/div>\n\t\t\t\t<\/div>\n\t\t\t\t\t<\/div>\n\t\t<\/div>\n\t\t\t\t<div class=\"elementor-column elementor-col-50 elementor-top-column elementor-element elementor-element-8ecca75\" data-id=\"8ecca75\" data-element_type=\"column\">\n\t\t\t<div class=\"elementor-widget-wrap elementor-element-populated\">\n\t\t\t\t\t\t<div class=\"elementor-element elementor-element-644717d elementor-widget elementor-widget-text-editor\" data-id=\"644717d\" data-element_type=\"widget\" data-widget_type=\"text-editor.default\">\n\t\t\t\t<div class=\"elementor-widget-container\">\n\t\t\t\t\t\t\t<h4 style=\"text-align: center;\">DERMOZ ur\u00e9e 50%<\/h4><p style=\"text-align: center;\">\u064a\u062c\u0645\u0639 \u0647\u0630\u0627 \u0627\u0644\u0645\u0633\u062a\u062d\u0636\u0631 \u0628\u064a\u0646 \u0639\u0645\u0644 \u0627\u0644\u0642\u0631\u0646\u064a\u0629 \u0627\u0644\u0645\u0643\u062b\u0641 \u0648 \u062a\u0631\u0637\u064a\u0628 \u062f\u0627\u0626\u0645 \u062e\u0627\u0635\u0629 \u0644\u0644\u0628\u0634\u0631\u0629 \u0634\u062f\u064a\u062f\u0629 \u0627\u0644\u062c\u0641\u0627\u0641 \u0645\u0639 \u0641\u0631\u0637 \u0627\u0644\u062a\u0642\u0631\u0646 \u0627\u0644\u0645\u0648\u0636\u0639\u064a. \u0647\u0630\u0627 \u0627\u0644\u0643\u0631\u064a\u0645 \u064a\u0632\u064a\u0644 \u0628\u0634\u0643\u0644 \u0641\u0639\u0627\u0644 \u0648\u064a\u0642\u0644\u0644 \u0627\u0644\u0645\u0646\u0627\u0637\u0642 \u0627\u0644\u0642\u0627\u0633\u064a\u0629 \u0623\u062b\u0646\u0627\u0621 \u0627\u0644\u0645\u0633\u0627\u0647\u0645\u0629 \u0641\u064a \u0627\u0633\u062a\u0639\u0627\u062f\u0629 \u062d\u0627\u062c\u0632 \u0627\u0644\u062c\u0644\u062f.<\/p>\t\t\t\t\t\t<\/div>\n\t\t\t\t<\/div>\n\t\t\t\t\t<\/div>\n\t\t<\/div>\n\t\t\t\t\t<\/div>\n\t\t<\/section>\n\t\t\t\t<section class=\"elementor-section elementor-top-section elementor-element elementor-element-aa4e808 elementor-section-boxed elementor-section-height-default elementor-section-height-default\" data-id=\"aa4e808\" data-element_type=\"section\">\n\t\t\t\t\t\t<div class=\"elementor-container elementor-column-gap-default\">\n\t\t\t\t\t<div class=\"elementor-column elementor-col-100 elementor-top-column elementor-element elementor-element-65eb73e\" data-id=\"65eb73e\" data-element_type=\"column\">\n\t\t\t<div class=\"elementor-widget-wrap elementor-element-populated\">\n\t\t\t\t\t\t<div class=\"elementor-element elementor-element-4c8f990 elementor-widget elementor-widget-spacer\" data-id=\"4c8f990\" data-element_type=\"widget\" data-widget_type=\"spacer.default\">\n\t\t\t\t<div class=\"elementor-widget-container\">\n\t\t\t\t\t<div class=\"elementor-spacer\">\n\t\t\t<div class=\"elementor-spacer-inner\"><\/div>\n\t\t<\/div>\n\t\t\t\t<\/div>\n\t\t\t\t<\/div>\n\t\t\t\t\t<\/div>\n\t\t<\/div>\n\t\t\t\t\t<\/div>\n\t\t<\/section>\n\t\t\t\t<section class=\"elementor-section elementor-top-section elementor-element elementor-element-7738939 elementor-section-boxed elementor-section-height-default elementor-section-height-default\" data-id=\"7738939\" data-element_type=\"section\" data-settings=\"{&quot;background_background&quot;:&quot;classic&quot;}\">\n\t\t\t\t\t\t<div class=\"elementor-container elementor-column-gap-no\">\n\t\t\t\t\t<div class=\"elementor-column elementor-col-100 elementor-top-column elementor-element elementor-element-7319f8f\" data-id=\"7319f8f\" data-element_type=\"column\">\n\t\t\t<div class=\"elementor-widget-wrap elementor-element-populated\">\n\t\t\t\t\t\t<div class=\"elementor-element elementor-element-65a7dbb elementor-widget elementor-widget-image-carousel\" data-id=\"65a7dbb\" data-element_type=\"widget\" data-settings=\"{&quot;slides_to_show&quot;:&quot;5&quot;,&quot;navigation&quot;:&quot;none&quot;,&quot;slides_to_show_tablet&quot;:&quot;3&quot;,&quot;slides_to_scroll_tablet&quot;:&quot;1&quot;,&quot;slides_to_show_mobile&quot;:&quot;1&quot;,&quot;autoplay&quot;:&quot;yes&quot;,&quot;pause_on_hover&quot;:&quot;yes&quot;,&quot;pause_on_interaction&quot;:&quot;yes&quot;,&quot;autoplay_speed&quot;:5000,&quot;infinite&quot;:&quot;yes&quot;,&quot;speed&quot;:500}\" data-widget_type=\"image-carousel.default\">\n\t\t\t\t<div class=\"elementor-widget-container\">\n\t\t\t\t\t<div class=\"elementor-image-carousel-wrapper swiper\" dir=\"ltr\">\n\t\t\t<div class=\"elementor-image-carousel swiper-wrapper\" aria-live=\"off\">\n\t\t\t\t\t\t\t\t<div class=\"swiper-slide\" role=\"group\" aria-roledescription=\"slide\" aria-label=\"1 of 1\"><figure class=\"swiper-slide-inner\"><img decoding=\"async\" class=\"swiper-slide-image\" src=\"https:\/\/dermozcosmetic.com\/wp-content\/uploads\/elementor\/thumbs\/Asset-210-p7vriu1ytgxpb7siyuthunsajvpzqpq7c1hvohzwzg.png\" alt=\"Asset 210\" \/><\/figure><\/div>\t\t\t<\/div>\n\t\t\t\t\t<\/div>\n\t\t\t\t<\/div>\n\t\t\t\t<\/div>\n\t\t\t\t\t<\/div>\n\t\t<\/div>\n\t\t\t\t\t<\/div>\n\t\t<\/section>\n\t\t\t\t<\/div>","protected":false},"excerpt":{"rendered":"<p>DERMOZ ur\u00e9e 50% ANTI-CALLOSIT\u00c9S ET\u00a0 HYPERK\u00c9RATOSES Hydratation durable ! DERMOZ ur\u00e9e 50% DERMOZ ur\u00e9e 50% DERMOZ ur\u00e9e 50% combine une action k\u00e9ratolytique intense et une hydratation durable sp\u00e9cialement pour les peaux tr\u00e8s s\u00e8ches comportant des hyperk\u00e9ratoses localis\u00e9es. Cette cr\u00e8me \u00e9limine efficacement les squames et r\u00e9duit les zones rugueuses tout en contribuant \u00e0 r\u00e9tablir la barri\u00e8re &hellip;<\/p>\n<p class=\"read-more\"> <a class=\"\" href=\"https:\/\/dermozcosmetic.com\/ar\/dermoz-uree-50\/\"> <span class=\"screen-reader-text\">DERMOZ UR\u00c9E 50%<\/span> Read More &raquo;<\/a><\/p>","protected":false},"author":3,"featured_media":0,"parent":0,"menu_order":0,"comment_status":"closed","ping_status":"closed","template":"","meta":{"site-sidebar-layout":"no-sidebar","site-content-layout":"page-builder","ast-site-content-layout":"","site-content-style":"default","site-sidebar-style":"default","ast-global-header-display":"","ast-banner-title-visibility":"","ast-main-header-display":"","ast-hfb-above-header-display":"","ast-hfb-below-header-display":"","ast-hfb-mobile-header-display":"","site-post-title":"disabled","ast-breadcrumbs-content":"disabled","ast-featured-img":"disabled","footer-sml-layout":"","theme-transparent-header-meta":"enabled","adv-header-id-meta":"","stick-header-meta":"","header-above-stick-meta":"","header-main-stick-meta":"","header-below-stick-meta":"","astra-migrate-meta-layouts":"","_joinchat":[],"footnotes":""},"class_list":["post-1671","page","type-page","status-publish","hentry"],"yoast_head":"<!-- This site is optimized with the Yoast SEO plugin v21.1 - https:\/\/yoast.com\/wordpress\/plugins\/seo\/ -->\n<title>DERMOZ UR\u00c9E 50% - Dermozcosmetic<\/title>\n<meta name=\"robots\" content=\"index, follow, max-snippet:-1, max-image-preview:large, max-video-preview:-1\" \/>\n<link rel=\"canonical\" href=\"https:\/\/dermozcosmetic.com\/ar\/dermoz-uree-50\/\" \/>\n<meta property=\"og:locale\" content=\"ar_AR\" \/>\n<meta property=\"og:type\" content=\"article\" \/>\n<meta property=\"og:title\" content=\"DERMOZ UR\u00c9E 50% - Dermozcosmetic\" \/>\n<meta property=\"og:description\" content=\"DERMOZ ur\u00e9e 50% ANTI-CALLOSIT\u00c9S ET\u00a0 HYPERK\u00c9RATOSES Hydratation durable ! DERMOZ ur\u00e9e 50% DERMOZ ur\u00e9e 50% DERMOZ ur\u00e9e 50% combine une action k\u00e9ratolytique intense et une hydratation durable sp\u00e9cialement pour les peaux tr\u00e8s s\u00e8ches comportant des hyperk\u00e9ratoses localis\u00e9es. Cette cr\u00e8me \u00e9limine efficacement les squames et r\u00e9duit les zones rugueuses tout en contribuant \u00e0 r\u00e9tablir la barri\u00e8re &hellip; DERMOZ UR\u00c9E 50% Read More &raquo;\" \/>\n<meta property=\"og:url\" content=\"https:\/\/dermozcosmetic.com\/ar\/dermoz-uree-50\/\" \/>\n<meta property=\"og:site_name\" content=\"Dermozcosmetic\" \/>\n<meta property=\"article:modified_time\" content=\"2024-08-09T02:40:40+00:00\" \/>\n<meta property=\"og:image\" content=\"https:\/\/dermozcosmetic.com\/wp-content\/uploads\/2023\/03\/8U0A4601-1024x1024.jpg\" \/>\n<meta name=\"twitter:card\" content=\"summary_large_image\" \/>\n<meta name=\"twitter:label1\" content=\"Est. reading time\" \/>\n\t<meta name=\"twitter:data1\" content=\"1 minute\" \/>\n<script type=\"application\/ld+json\" class=\"yoast-schema-graph\">{\"@context\":\"https:\/\/schema.org\",\"@graph\":[{\"@type\":\"WebPage\",\"@id\":\"https:\/\/dermozcosmetic.com\/dermoz-uree-50\/\",\"url\":\"https:\/\/dermozcosmetic.com\/dermoz-uree-50\/\",\"name\":\"DERMOZ UR\u00c9E 50% - Dermozcosmetic\",\"isPartOf\":{\"@id\":\"https:\/\/dermozcosmetic.com\/#website\"},\"datePublished\":\"2021-06-23T12:59:40+00:00\",\"dateModified\":\"2024-08-09T02:40:40+00:00\",\"breadcrumb\":{\"@id\":\"https:\/\/dermozcosmetic.com\/dermoz-uree-50\/#breadcrumb\"},\"inLanguage\":\"ary\",\"potentialAction\":[{\"@type\":\"ReadAction\",\"target\":[\"https:\/\/dermozcosmetic.com\/dermoz-uree-50\/\"]}]},{\"@type\":\"BreadcrumbList\",\"@id\":\"https:\/\/dermozcosmetic.com\/dermoz-uree-50\/#breadcrumb\",\"itemListElement\":[{\"@type\":\"ListItem\",\"position\":1,\"name\":\"Home\",\"item\":\"https:\/\/dermozcosmetic.com\/\"},{\"@type\":\"ListItem\",\"position\":2,\"name\":\"DERMOZ UR\u00c9E 50%\"}]},{\"@type\":\"WebSite\",\"@id\":\"https:\/\/dermozcosmetic.com\/#website\",\"url\":\"https:\/\/dermozcosmetic.com\/\",\"name\":\"Dermozcosmetic\",\"description\":\"Une cosm\u00e9tique authentique qui inspire la confiance.\",\"publisher\":{\"@id\":\"https:\/\/dermozcosmetic.com\/#organization\"},\"potentialAction\":[{\"@type\":\"SearchAction\",\"target\":{\"@type\":\"EntryPoint\",\"urlTemplate\":\"https:\/\/dermozcosmetic.com\/?s={search_term_string}\"},\"query-input\":\"required name=search_term_string\"}],\"inLanguage\":\"ary\"},{\"@type\":\"Organization\",\"@id\":\"https:\/\/dermozcosmetic.com\/#organization\",\"name\":\"Dermozcosmetic\",\"url\":\"https:\/\/dermozcosmetic.com\/\",\"logo\":{\"@type\":\"ImageObject\",\"inLanguage\":\"ary\",\"@id\":\"https:\/\/dermozcosmetic.com\/#\/schema\/logo\/image\/\",\"url\":\"https:\/\/dermozcosmetic.com\/wp-content\/uploads\/2021\/05\/cropped-Asset-100-1.png\",\"contentUrl\":\"https:\/\/dermozcosmetic.com\/wp-content\/uploads\/2021\/05\/cropped-Asset-100-1.png\",\"width\":398,\"height\":100,\"caption\":\"Dermozcosmetic\"},\"image\":{\"@id\":\"https:\/\/dermozcosmetic.com\/#\/schema\/logo\/image\/\"}}]}<\/script>\n<!-- \/ Yoast SEO plugin. -->","yoast_head_json":{"title":"DERMOZ UR\u00c9E 50% - Dermozcosmetic","robots":{"index":"index","follow":"follow","max-snippet":"max-snippet:-1","max-image-preview":"max-image-preview:large","max-video-preview":"max-video-preview:-1"},"canonical":"https:\/\/dermozcosmetic.com\/ar\/dermoz-uree-50\/","og_locale":"ar_AR","og_type":"article","og_title":"DERMOZ UR\u00c9E 50% - Dermozcosmetic","og_description":"DERMOZ ur\u00e9e 50% ANTI-CALLOSIT\u00c9S ET\u00a0 HYPERK\u00c9RATOSES Hydratation durable ! DERMOZ ur\u00e9e 50% DERMOZ ur\u00e9e 50% DERMOZ ur\u00e9e 50% combine une action k\u00e9ratolytique intense et une hydratation durable sp\u00e9cialement pour les peaux tr\u00e8s s\u00e8ches comportant des hyperk\u00e9ratoses localis\u00e9es. Cette cr\u00e8me \u00e9limine efficacement les squames et r\u00e9duit les zones rugueuses tout en contribuant \u00e0 r\u00e9tablir la barri\u00e8re &hellip; DERMOZ UR\u00c9E 50% Read More &raquo;","og_url":"https:\/\/dermozcosmetic.com\/ar\/dermoz-uree-50\/","og_site_name":"Dermozcosmetic","article_modified_time":"2024-08-09T02:40:40+00:00","og_image":[{"url":"https:\/\/dermozcosmetic.com\/wp-content\/uploads\/2023\/03\/8U0A4601-1024x1024.jpg"}],"twitter_card":"summary_large_image","twitter_misc":{"Est. reading time":"1 minute"},"schema":{"@context":"https:\/\/schema.org","@graph":[{"@type":"WebPage","@id":"https:\/\/dermozcosmetic.com\/dermoz-uree-50\/","url":"https:\/\/dermozcosmetic.com\/dermoz-uree-50\/","name":"DERMOZ UR\u00c9E 50% - Dermozcosmetic","isPartOf":{"@id":"https:\/\/dermozcosmetic.com\/#website"},"datePublished":"2021-06-23T12:59:40+00:00","dateModified":"2024-08-09T02:40:40+00:00","breadcrumb":{"@id":"https:\/\/dermozcosmetic.com\/dermoz-uree-50\/#breadcrumb"},"inLanguage":"ary","potentialAction":[{"@type":"ReadAction","target":["https:\/\/dermozcosmetic.com\/dermoz-uree-50\/"]}]},{"@type":"BreadcrumbList","@id":"https:\/\/dermozcosmetic.com\/dermoz-uree-50\/#breadcrumb","itemListElement":[{"@type":"ListItem","position":1,"name":"Home","item":"https:\/\/dermozcosmetic.com\/"},{"@type":"ListItem","position":2,"name":"DERMOZ UR\u00c9E 50%"}]},{"@type":"WebSite","@id":"https:\/\/dermozcosmetic.com\/#website","url":"https:\/\/dermozcosmetic.com\/","name":"Dermozcosmetic","description":"Une cosm\u00e9tique authentique qui inspire la confiance.","publisher":{"@id":"https:\/\/dermozcosmetic.com\/#organization"},"potentialAction":[{"@type":"SearchAction","target":{"@type":"EntryPoint","urlTemplate":"https:\/\/dermozcosmetic.com\/?s={search_term_string}"},"query-input":"required name=search_term_string"}],"inLanguage":"ary"},{"@type":"Organization","@id":"https:\/\/dermozcosmetic.com\/#organization","name":"Dermozcosmetic","url":"https:\/\/dermozcosmetic.com\/","logo":{"@type":"ImageObject","inLanguage":"ary","@id":"https:\/\/dermozcosmetic.com\/#\/schema\/logo\/image\/","url":"https:\/\/dermozcosmetic.com\/wp-content\/uploads\/2021\/05\/cropped-Asset-100-1.png","contentUrl":"https:\/\/dermozcosmetic.com\/wp-content\/uploads\/2021\/05\/cropped-Asset-100-1.png","width":398,"height":100,"caption":"Dermozcosmetic"},"image":{"@id":"https:\/\/dermozcosmetic.com\/#\/schema\/logo\/image\/"}}]}},"_links":{"self":[{"href":"https:\/\/dermozcosmetic.com\/ar\/wp-json\/wp\/v2\/pages\/1671"}],"collection":[{"href":"https:\/\/dermozcosmetic.com\/ar\/wp-json\/wp\/v2\/pages"}],"about":[{"href":"https:\/\/dermozcosmetic.com\/ar\/wp-json\/wp\/v2\/types\/page"}],"author":[{"embeddable":true,"href":"https:\/\/dermozcosmetic.com\/ar\/wp-json\/wp\/v2\/users\/3"}],"replies":[{"embeddable":true,"href":"https:\/\/dermozcosmetic.com\/ar\/wp-json\/wp\/v2\/comments?post=1671"}],"version-history":[{"count":38,"href":"https:\/\/dermozcosmetic.com\/ar\/wp-json\/wp\/v2\/pages\/1671\/revisions"}],"predecessor-version":[{"id":2456,"href":"https:\/\/dermozcosmetic.com\/ar\/wp-json\/wp\/v2\/pages\/1671\/revisions\/2456"}],"wp:attachment":[{"href":"https:\/\/dermozcosmetic.com\/ar\/wp-json\/wp\/v2\/media?parent=1671"}],"curies":[{"name":"wp","href":"https:\/\/api.w.org\/{rel}","templated":true}]}}